{"id":13,"date":"2015-09-09T12:43:03","date_gmt":"2015-09-09T11:43:03","guid":{"rendered":"http:\/\/goudbanklimburg.be\/?page_id=13"},"modified":"2025-04-17T13:08:55","modified_gmt":"2025-04-17T12:08:55","slug":"veelgestelde-vragen","status":"publish","type":"page","link":"https:\/\/goudbanklimburg.be\/fr\/veelgestelde-vragen\/","title":{"rendered":"Questions frequemment possees"},"content":{"rendered":"[vc_row type=\u00a0\u00bbin_container\u00a0\u00bb full_screen_row_position=\u00a0\u00bbmiddle\u00a0\u00bb column_margin=\u00a0\u00bbdefault\u00a0\u00bb column_direction=\u00a0\u00bbdefault\u00a0\u00bb column_direction_tablet=\u00a0\u00bbdefault\u00a0\u00bb column_direction_phone=\u00a0\u00bbdefault\u00a0\u00bb scene_position=\u00a0\u00bbcenter\u00a0\u00bb text_color=\u00a0\u00bbdark\u00a0\u00bb text_align=\u00a0\u00bbleft\u00a0\u00bb row_border_radius=\u00a0\u00bbnone\u00a0\u00bb row_border_radius_applies=\u00a0\u00bbbg\u00a0\u00bb overflow=\u00a0\u00bbvisible\u00a0\u00bb overlay_strength=\u00a0\u00bb0.3&Prime; gradient_direction=\u00a0\u00bbleft_to_right\u00a0\u00bb shape_divider_position=\u00a0\u00bbbottom\u00a0\u00bb bg_image_animation=\u00a0\u00bbnone\u00a0\u00bb][vc_column column_padding=\u00a0\u00bbno-extra-padding\u00a0\u00bb column_padding_tablet=\u00a0\u00bbinherit\u00a0\u00bb column_padding_phone=\u00a0\u00bbinherit\u00a0\u00bb column_padding_position=\u00a0\u00bball\u00a0\u00bb column_element_direction_desktop=\u00a0\u00bbdefault\u00a0\u00bb column_element_spacing=\u00a0\u00bbdefault\u00a0\u00bb desktop_text_alignment=\u00a0\u00bbdefault\u00a0\u00bb tablet_text_alignment=\u00a0\u00bbdefault\u00a0\u00bb phone_text_alignment=\u00a0\u00bbdefault\u00a0\u00bb background_color_opacity=\u00a0\u00bb1&Prime; background_hover_color_opacity=\u00a0\u00bb1&Prime; column_backdrop_filter=\u00a0\u00bbnone\u00a0\u00bb column_shadow=\u00a0\u00bbnone\u00a0\u00bb column_border_radius=\u00a0\u00bbnone\u00a0\u00bb column_link_target=\u00a0\u00bb_self\u00a0\u00bb column_position=\u00a0\u00bbdefault\u00a0\u00bb gradient_direction=\u00a0\u00bbleft_to_right\u00a0\u00bb overlay_strength=\u00a0\u00bb0.3&Prime; width=\u00a0\u00bb1\/1&Prime; tablet_width_inherit=\u00a0\u00bbdefault\u00a0\u00bb animation_type=\u00a0\u00bbdefault\u00a0\u00bb bg_image_animation=\u00a0\u00bbnone\u00a0\u00bb border_type=\u00a0\u00bbsimple\u00a0\u00bb column_border_width=\u00a0\u00bbnone\u00a0\u00bb column_border_style=\u00a0\u00bbsolid\u00a0\u00bb][vc_text_separator title=\u00a0\u00bbQUESTIONS FREQUEMMENT POSEES PAR LES CLIENTS DE GOUDBANK LIMBURG\u00a0\u00bb][\/vc_column][\/vc_row][vc_row type=\u00a0\u00bbin_container\u00a0\u00bb full_screen_row_position=\u00a0\u00bbmiddle\u00a0\u00bb column_margin=\u00a0\u00bbdefault\u00a0\u00bb column_direction=\u00a0\u00bbdefault\u00a0\u00bb column_direction_tablet=\u00a0\u00bbdefault\u00a0\u00bb column_direction_phone=\u00a0\u00bbdefault\u00a0\u00bb scene_position=\u00a0\u00bbcenter\u00a0\u00bb text_color=\u00a0\u00bbdark\u00a0\u00bb text_align=\u00a0\u00bbleft\u00a0\u00bb row_border_radius=\u00a0\u00bbnone\u00a0\u00bb row_border_radius_applies=\u00a0\u00bbbg\u00a0\u00bb overflow=\u00a0\u00bbvisible\u00a0\u00bb overlay_strength=\u00a0\u00bb0.3&Prime; gradient_direction=\u00a0\u00bbleft_to_right\u00a0\u00bb shape_divider_position=\u00a0\u00bbbottom\u00a0\u00bb bg_image_animation=\u00a0\u00bbnone\u00a0\u00bb][vc_column column_padding=\u00a0\u00bbno-extra-padding\u00a0\u00bb column_padding_tablet=\u00a0\u00bbinherit\u00a0\u00bb column_padding_phone=\u00a0\u00bbinherit\u00a0\u00bb column_padding_position=\u00a0\u00bball\u00a0\u00bb column_element_direction_desktop=\u00a0\u00bbdefault\u00a0\u00bb column_element_spacing=\u00a0\u00bbdefault\u00a0\u00bb desktop_text_alignment=\u00a0\u00bbdefault\u00a0\u00bb tablet_text_alignment=\u00a0\u00bbdefault\u00a0\u00bb phone_text_alignment=\u00a0\u00bbdefault\u00a0\u00bb background_color_opacity=\u00a0\u00bb1&Prime; background_hover_color_opacity=\u00a0\u00bb1&Prime; column_backdrop_filter=\u00a0\u00bbnone\u00a0\u00bb column_shadow=\u00a0\u00bbnone\u00a0\u00bb column_border_radius=\u00a0\u00bbnone\u00a0\u00bb column_link_target=\u00a0\u00bb_self\u00a0\u00bb column_position=\u00a0\u00bbdefault\u00a0\u00bb gradient_direction=\u00a0\u00bbleft_to_right\u00a0\u00bb overlay_strength=\u00a0\u00bb0.3&Prime; width=\u00a0\u00bb1\/1&Prime; tablet_width_inherit=\u00a0\u00bbdefault\u00a0\u00bb animation_type=\u00a0\u00bbdefault\u00a0\u00bb bg_image_animation=\u00a0\u00bbnone\u00a0\u00bb border_type=\u00a0\u00bbsimple\u00a0\u00bb column_border_width=\u00a0\u00bbnone\u00a0\u00bb column_border_style=\u00a0\u00bbsolid\u00a0\u00bb][toggles style=\u00a0\u00bbdefault\u00a0\u00bb border_radius=\u00a0\u00bbnone\u00a0\u00bb][toggle color=\u00a0\u00bbDefault\u00a0\u00bb heading_tag=\u00a0\u00bbdefault\u00a0\u00bb heading_tag_functionality=\u00a0\u00bbdefault\u00a0\u00bb title=\u00a0\u00bbPourquoi investir dans l\u2019or?\u00a0\u00bb][vc_column_text]L\u2019or reste un investissement \u00e0 bas risque et dont la vue sur la valeur r\u00e9elle est claire. Vous \u00eates propri\u00e9taire de votre propre or et vous ne d\u00e9pendez pas d\u2019autres parties financi\u00e8res.<\/p>\n<p>La fa\u00e7on la plus facile d\u2019investir dans l\u2019or est l\u2019investissement en or physique tel que les lingots\u00a0ou les pi\u00e8ces.<\/p>\n<p>L\u2019or et l\u2019argent sont des monnaies s\u00e9culaires. Depuis des si\u00e8cles, ils sont synonymes de confiance et de transparence dans les transactions financi\u00e8res.[\/vc_column_text][\/toggle][toggle color=\u00a0\u00bbDefault\u00a0\u00bb heading_tag=\u00a0\u00bbdefault\u00a0\u00bb heading_tag_functionality=\u00a0\u00bbdefault\u00a0\u00bb title=\u00a0\u00bbQue faire de mes pi\u00e8ces abim\u00e9es?\u00a0\u00bb][vc_column_text]Toutes les pi\u00e8ces us\u00e9es, nettoy\u00e9es ou reluis\u00e9es sont consid\u00e9r\u00e9es comme pi\u00e8ces abim\u00e9es. Nous rachetons ces pi\u00e8ces comme vieil or.[\/vc_column_text][\/toggle][toggle color=\u00a0\u00bbDefault\u00a0\u00bb heading_tag=\u00a0\u00bbdefault\u00a0\u00bb heading_tag_functionality=\u00a0\u00bbdefault\u00a0\u00bb title=\u00a0\u00bbQu\u2019est-ce que le prix de r\u00e9f\u00e9rence?\u00a0\u00bb][vc_column_text]Le prix de r\u00e9f\u00e9rence n\u2019est pas le prix d\u2019achat du m\u00e9tal pr\u00e9cieux, mais une r\u00e9f\u00e9rence de la valeur du m\u00e9tal \u00e0 l\u2019impression. Ce prix fluctue selon la demande et l\u2019offre en m\u00e9tal pr\u00e9cieux sur le march\u00e9 international.[\/vc_column_text][\/toggle][toggle color=\u00a0\u00bbDefault\u00a0\u00bb heading_tag=\u00a0\u00bbdefault\u00a0\u00bb heading_tag_functionality=\u00a0\u00bbdefault\u00a0\u00bb title=\u00a0\u00bbQu\u2019est-ce que la prime ?\u00a0\u00bb][vc_column_text]La prime est la diff\u00e9rence entre le poids de l\u2019or et la valeur effective de la pi\u00e8ce. Cette prime fluctue selon selon la valeur collective et le r\u00f4le de la demande et l\u2019offre en m\u00e9tal pr\u00e9cieux au moment-m\u00eame sur le march\u00e9 international. La prime peut \u00eatre aussi bien positive que n\u00e9gative et couvre aussi bien la pr\u00e9paration que l\u2019entremise.[\/vc_column_text][\/toggle][toggle color=\u00a0\u00bbDefault\u00a0\u00bb heading_tag=\u00a0\u00bbdefault\u00a0\u00bb heading_tag_functionality=\u00a0\u00bbdefault\u00a0\u00bb title=\u00a0\u00bbDois-je payer une avance?\u00a0\u00bb][vc_column_text]Goudbank Limburg vend aux prix de r\u00e9f\u00e9rence + prime. Pour des commandes \u00e0 notre bureau, nous demandons une avance de 10%.[\/vc_column_text][\/toggle][toggle color=\u00a0\u00bbDefault\u00a0\u00bb heading_tag=\u00a0\u00bbdefault\u00a0\u00bb heading_tag_functionality=\u00a0\u00bbdefault\u00a0\u00bb title=\u00a0\u00bbComment puis-je livrer mon vieil or et argent?\u00a0\u00bb][vc_column_text css=\u00a0\u00bb\u00a0\u00bb text_direction=\u00a0\u00bbdefault\u00a0\u00bb]Dans le cas de livraisons physiques \u00e0 notre guichet de Diepenbeek, nous estimons imm\u00e9diatement la valeur et nous vous payons <span class=\"Y2IQFc\" lang=\"fr\">imm\u00e9diatement par virement bancaire<\/span><\/p>\n<p><strong>Les prix de Goudbank Limburg ne sont fix\u00e9s qu\u2019\u00e0 notre bureau.<\/strong>[\/vc_column_text][\/toggle][toggle color=\u00a0\u00bbDefault\u00a0\u00bb heading_tag=\u00a0\u00bbdefault\u00a0\u00bb heading_tag_functionality=\u00a0\u00bbdefault\u00a0\u00bb title=\u00a0\u00bbCombien de fois et quand est-ce que les prix sont ajust\u00e9s?\u00a0\u00bb][vc_column_text]Nous ajustons les prix des m\u00e9taux pr\u00e9cieux plusieurs fois par jour dans nos tableaux.[\/vc_column_text][\/toggle][toggle color=\u00a0\u00bbDefault\u00a0\u00bb heading_tag=\u00a0\u00bbdefault\u00a0\u00bb heading_tag_functionality=\u00a0\u00bbdefault\u00a0\u00bb title=\u00a0\u00bbDe quelles mani\u00e8res je peux payer?\u00a0\u00bb][vc_column_text]Vous pouvez payer soit par virement bancaire soit comptant avec un maximum de 3000 euro.[\/vc_column_text][\/toggle][toggle color=\u00a0\u00bbDefault\u00a0\u00bb heading_tag=\u00a0\u00bbdefault\u00a0\u00bb heading_tag_functionality=\u00a0\u00bbdefault\u00a0\u00bb title=\u00a0\u00bbQuand puis-je venir chercher ma commande?\u00a0\u00bb][vc_column_text]Vous pouvez directement payer et emporter les produits que nous avons en stock \u00e0 notre bureau de Goudbank Limburg. Si votre produit n\u2019est pas en stock, nous vous contactons pour fixer une date.[\/vc_column_text][\/toggle][toggle color=\u00a0\u00bbDefault\u00a0\u00bb heading_tag=\u00a0\u00bbdefault\u00a0\u00bb heading_tag_functionality=\u00a0\u00bbdefault\u00a0\u00bb title=\u00a0\u00bbLes transactions de Goudbank Limburg sont-elles s\u00fbres?\u00a0\u00bb][vc_column_text]Pour nous la s\u00e9curit\u00e9 est tr\u00e8s importante et c\u2019est pourquoi nous avons pris, tout comme la plupart des grandes banques, plusieurs mesures de s\u00e9curit\u00e9 (visibles et non visibles) pour votre s\u00e9curit\u00e9 ainsi que pour la n\u00f4tre.[\/vc_column_text][\/toggle][\/toggles][\/vc_column][\/vc_row]\n","protected":false},"excerpt":{"rendered":"<p>[vc_row type=\u00a0\u00bbin_container\u00a0\u00bb full_screen_row_position=\u00a0\u00bbmiddle\u00a0\u00bb column_margin=\u00a0\u00bbdefault\u00a0\u00bb column_direction=\u00a0\u00bbdefault\u00a0\u00bb column_direction_tablet=\u00a0\u00bbdefault\u00a0\u00bb column_direction_phone=\u00a0\u00bbdefault\u00a0\u00bb scene_position=\u00a0\u00bbcenter\u00a0\u00bb text_color=\u00a0\u00bbdark\u00a0\u00bb text_align=\u00a0\u00bbleft\u00a0\u00bb row_border_radius=\u00a0\u00bbnone\u00a0\u00bb row_border_radius_applies=\u00a0\u00bbbg\u00a0\u00bb overflow=\u00a0\u00bbvisible\u00a0\u00bb overlay_strength=\u00a0\u00bb0.3&Prime; gradient_direction=\u00a0\u00bbleft_to_right\u00a0\u00bb shape_divider_position=\u00a0\u00bbbottom\u00a0\u00bb bg_image_animation=\u00a0\u00bbnone\u00a0\u00bb][vc_column column_padding=\u00a0\u00bbno-extra-padding\u00a0\u00bb column_padding_tablet=\u00a0\u00bbinherit\u00a0\u00bb column_padding_phone=\u00a0\u00bbinherit\u00a0\u00bb column_padding_position=\u00a0\u00bball\u00a0\u00bb column_element_direction_desktop=\u00a0\u00bbdefault\u00a0\u00bb column_element_spacing=\u00a0\u00bbdefault\u00a0\u00bb desktop_text_alignment=\u00a0\u00bbdefault\u00a0\u00bb tablet_text_alignment=\u00a0\u00bbdefault\u00a0\u00bb phone_text_alignment=\u00a0\u00bbdefault\u00a0\u00bb background_color_opacity=\u00a0\u00bb1&Prime; background_hover_color_opacity=\u00a0\u00bb1&Prime; column_backdrop_filter=\u00a0\u00bbnone\u00a0\u00bb column_shadow=\u00a0\u00bbnone\u00a0\u00bb&#8230;<\/p>\n","protected":false},"author":7,"featured_media":0,"parent":0,"menu_order":0,"comment_status":"closed","ping_status":"closed","template":"","meta":{"_monsterinsights_skip_tracking":false,"_monsterinsights_sitenote_active":false,"_monsterinsights_sitenote_note":"","_monsterinsights_sitenote_category":0,"footnotes":""},"class_list":["post-13","page","type-page","status-publish"],"yoast_head":"<!-- This site is optimized with the Yoast SEO plugin v27.3 - https:\/\/yoast.com\/product\/yoast-seo-wordpress\/ -->\n<title>Veelgestelde Vragen Over Goud &amp; Zilver | Goudbank Limburg<\/title>\n<meta name=\"description\" content=\"Lees hier veelgestelde vragen over Goud &amp; Zilver. Heeft u nog andere vragen? Contacteer ons dan vrijblijvend!\" \/>\n<meta name=\"robots\" content=\"index, follow, max-snippet:-1, max-image-preview:large, max-video-preview:-1\" \/>\n<link rel=\"canonical\" href=\"https:\/\/goudbanklimburg.be\/fr\/veelgestelde-vragen\/\" \/>\n<meta property=\"og:locale\" content=\"fr_FR\" \/>\n<meta property=\"og:locale:alternate\" content=\"nl\" \/>\n<meta property=\"og:type\" content=\"article\" \/>\n<meta property=\"og:title\" content=\"Veelgestelde Vragen Over Goud &amp; Zilver | Goudbank Limburg\" \/>\n<meta property=\"og:description\" content=\"Lees hier veelgestelde vragen over Goud &amp; Zilver. Heeft u nog andere vragen? Contacteer ons dan vrijblijvend!\" \/>\n<meta property=\"og:url\" content=\"https:\/\/goudbanklimburg.be\/fr\/veelgestelde-vragen\/\" \/>\n<meta property=\"og:site_name\" content=\"Goudbank Limburg\" \/>\n<meta property=\"article:publisher\" content=\"https:\/\/www.facebook.com\/Goudbank-Limburg-486883841492072\/\" \/>\n<meta property=\"article:modified_time\" content=\"2025-04-17T12:08:55+00:00\" \/>\n<meta name=\"twitter:card\" content=\"summary_large_image\" \/>\n<meta name=\"twitter:label1\" content=\"Dur\u00e9e de lecture estim\u00e9e\" \/>\n\t<meta name=\"twitter:data1\" content=\"2 minutes\" \/>\n<script type=\"application\/ld+json\" class=\"yoast-schema-graph\">{\"@context\":\"https:\\\/\\\/schema.org\",\"@graph\":[{\"@type\":\"WebPage\",\"@id\":\"https:\\\/\\\/goudbanklimburg.be\\\/fr\\\/veelgestelde-vragen\\\/\",\"url\":\"https:\\\/\\\/goudbanklimburg.be\\\/fr\\\/veelgestelde-vragen\\\/\",\"name\":\"Veelgestelde Vragen Over Goud & Zilver | Goudbank Limburg\",\"isPartOf\":{\"@id\":\"https:\\\/\\\/goudbanklimburg.be\\\/nl\\\/#website\"},\"datePublished\":\"2015-09-09T11:43:03+00:00\",\"dateModified\":\"2025-04-17T12:08:55+00:00\",\"description\":\"Lees hier veelgestelde vragen over Goud & Zilver. Heeft u nog andere vragen? Contacteer ons dan vrijblijvend!\",\"breadcrumb\":{\"@id\":\"https:\\\/\\\/goudbanklimburg.be\\\/fr\\\/veelgestelde-vragen\\\/#breadcrumb\"},\"inLanguage\":\"fr\",\"potentialAction\":[{\"@type\":\"ReadAction\",\"target\":[\"https:\\\/\\\/goudbanklimburg.be\\\/fr\\\/veelgestelde-vragen\\\/\"]}]},{\"@type\":\"BreadcrumbList\",\"@id\":\"https:\\\/\\\/goudbanklimburg.be\\\/fr\\\/veelgestelde-vragen\\\/#breadcrumb\",\"itemListElement\":[{\"@type\":\"ListItem\",\"position\":1,\"name\":\"Home\",\"item\":\"https:\\\/\\\/goudbanklimburg.be\\\/fr\\\/\"},{\"@type\":\"ListItem\",\"position\":2,\"name\":\"Questions frequemment possees\"}]},{\"@type\":\"WebSite\",\"@id\":\"https:\\\/\\\/goudbanklimburg.be\\\/nl\\\/#website\",\"url\":\"https:\\\/\\\/goudbanklimburg.be\\\/nl\\\/\",\"name\":\"Goudbank Limburg\",\"description\":\"Oud Goud - Goudbaren & Munten - Oud Zilver\",\"potentialAction\":[{\"@type\":\"SearchAction\",\"target\":{\"@type\":\"EntryPoint\",\"urlTemplate\":\"https:\\\/\\\/goudbanklimburg.be\\\/nl\\\/?s={search_term_string}\"},\"query-input\":{\"@type\":\"PropertyValueSpecification\",\"valueRequired\":true,\"valueName\":\"search_term_string\"}}],\"inLanguage\":\"fr\"}]}<\/script>\n<!-- \/ Yoast SEO plugin. -->","yoast_head_json":{"title":"Veelgestelde Vragen Over Goud & Zilver | Goudbank Limburg","description":"Lees hier veelgestelde vragen over Goud & Zilver. Heeft u nog andere vragen? Contacteer ons dan vrijblijvend!","robots":{"index":"index","follow":"follow","max-snippet":"max-snippet:-1","max-image-preview":"max-image-preview:large","max-video-preview":"max-video-preview:-1"},"canonical":"https:\/\/goudbanklimburg.be\/fr\/veelgestelde-vragen\/","og_locale":"fr_FR","og_type":"article","og_title":"[:nl]Veelgestelde Vragen Over Goud & Zilver | Goudbank Limburg[:]","og_description":"[:nl]Lees hier veelgestelde vragen over Goud & Zilver. Heeft u nog andere vragen? Contacteer ons dan vrijblijvend![:]","og_url":"https:\/\/goudbanklimburg.be\/fr\/veelgestelde-vragen\/","og_site_name":"Goudbank Limburg","article_publisher":"https:\/\/www.facebook.com\/Goudbank-Limburg-486883841492072\/","article_modified_time":"2025-04-17T12:08:55+00:00","twitter_card":"summary_large_image","twitter_misc":{"Dur\u00e9e de lecture estim\u00e9e":"2 minutes"},"schema":{"@context":"https:\/\/schema.org","@graph":[{"@type":"WebPage","@id":"https:\/\/goudbanklimburg.be\/fr\/veelgestelde-vragen\/","url":"https:\/\/goudbanklimburg.be\/fr\/veelgestelde-vragen\/","name":"Veelgestelde Vragen Over Goud & Zilver | Goudbank Limburg","isPartOf":{"@id":"https:\/\/goudbanklimburg.be\/nl\/#website"},"datePublished":"2015-09-09T11:43:03+00:00","dateModified":"2025-04-17T12:08:55+00:00","description":"Lees hier veelgestelde vragen over Goud & Zilver. Heeft u nog andere vragen? Contacteer ons dan vrijblijvend!","breadcrumb":{"@id":"https:\/\/goudbanklimburg.be\/fr\/veelgestelde-vragen\/#breadcrumb"},"inLanguage":"fr","potentialAction":[{"@type":"ReadAction","target":["https:\/\/goudbanklimburg.be\/fr\/veelgestelde-vragen\/"]}]},{"@type":"BreadcrumbList","@id":"https:\/\/goudbanklimburg.be\/fr\/veelgestelde-vragen\/#breadcrumb","itemListElement":[{"@type":"ListItem","position":1,"name":"Home","item":"https:\/\/goudbanklimburg.be\/fr\/"},{"@type":"ListItem","position":2,"name":"Questions frequemment possees"}]},{"@type":"WebSite","@id":"https:\/\/goudbanklimburg.be\/nl\/#website","url":"https:\/\/goudbanklimburg.be\/nl\/","name":"Goudbank Limburg","description":"Oud Goud - Goudbaren & Munten - Oud Zilver","potentialAction":[{"@type":"SearchAction","target":{"@type":"EntryPoint","urlTemplate":"https:\/\/goudbanklimburg.be\/nl\/?s={search_term_string}"},"query-input":{"@type":"PropertyValueSpecification","valueRequired":true,"valueName":"search_term_string"}}],"inLanguage":"fr"}]}},"_links":{"self":[{"href":"https:\/\/goudbanklimburg.be\/fr\/wp-json\/wp\/v2\/pages\/13","targetHints":{"allow":["GET"]}}],"collection":[{"href":"https:\/\/goudbanklimburg.be\/fr\/wp-json\/wp\/v2\/pages"}],"about":[{"href":"https:\/\/goudbanklimburg.be\/fr\/wp-json\/wp\/v2\/types\/page"}],"author":[{"embeddable":true,"href":"https:\/\/goudbanklimburg.be\/fr\/wp-json\/wp\/v2\/users\/7"}],"replies":[{"embeddable":true,"href":"https:\/\/goudbanklimburg.be\/fr\/wp-json\/wp\/v2\/comments?post=13"}],"version-history":[{"count":3,"href":"https:\/\/goudbanklimburg.be\/fr\/wp-json\/wp\/v2\/pages\/13\/revisions"}],"predecessor-version":[{"id":14784,"href":"https:\/\/goudbanklimburg.be\/fr\/wp-json\/wp\/v2\/pages\/13\/revisions\/14784"}],"wp:attachment":[{"href":"https:\/\/goudbanklimburg.be\/fr\/wp-json\/wp\/v2\/media?parent=13"}],"curies":[{"name":"wp","href":"https:\/\/api.w.org\/{rel}","templated":true}]}}