{"id":39,"date":"2015-09-10T14:53:00","date_gmt":"2015-09-10T13:53:00","guid":{"rendered":"http:\/\/goudbanklimburg.be\/?page_id=39"},"modified":"2026-03-02T10:43:41","modified_gmt":"2026-03-02T09:43:41","slug":"home","status":"publish","type":"page","link":"https:\/\/goudbanklimburg.be\/fr\/","title":{"rendered":"Home"},"content":{"rendered":"[vc_row type=\u00a0\u00bbin_container\u00a0\u00bb full_screen_row_position=\u00a0\u00bbmiddle\u00a0\u00bb column_margin=\u00a0\u00bbdefault\u00a0\u00bb column_direction=\u00a0\u00bbdefault\u00a0\u00bb column_direction_tablet=\u00a0\u00bbdefault\u00a0\u00bb column_direction_phone=\u00a0\u00bbdefault\u00a0\u00bb scene_position=\u00a0\u00bbcenter\u00a0\u00bb text_color=\u00a0\u00bbdark\u00a0\u00bb text_align=\u00a0\u00bbleft\u00a0\u00bb row_border_radius=\u00a0\u00bbnone\u00a0\u00bb row_border_radius_applies=\u00a0\u00bbbg\u00a0\u00bb row_position_desktop=\u00a0\u00bbdefault\u00a0\u00bb row_position_tablet=\u00a0\u00bbinherit\u00a0\u00bb row_position_phone=\u00a0\u00bbinherit\u00a0\u00bb overflow=\u00a0\u00bbvisible\u00a0\u00bb overlay_strength=\u00a0\u00bb0.3&Prime; gradient_direction=\u00a0\u00bbleft_to_right\u00a0\u00bb shape_divider_position=\u00a0\u00bbbottom\u00a0\u00bb bg_image_animation=\u00a0\u00bbnone\u00a0\u00bb][vc_column column_padding=\u00a0\u00bbno-extra-padding\u00a0\u00bb column_padding_tablet=\u00a0\u00bbinherit\u00a0\u00bb column_padding_phone=\u00a0\u00bbinherit\u00a0\u00bb column_padding_position=\u00a0\u00bball\u00a0\u00bb flex_gap_desktop=\u00a0\u00bb10px\u00a0\u00bb column_element_direction_desktop=\u00a0\u00bbdefault\u00a0\u00bb column_element_spacing=\u00a0\u00bbdefault\u00a0\u00bb desktop_text_alignment=\u00a0\u00bbdefault\u00a0\u00bb tablet_text_alignment=\u00a0\u00bbdefault\u00a0\u00bb phone_text_alignment=\u00a0\u00bbdefault\u00a0\u00bb background_color_opacity=\u00a0\u00bb1&Prime; background_hover_color_opacity=\u00a0\u00bb1&Prime; column_backdrop_filter=\u00a0\u00bbnone\u00a0\u00bb column_shadow=\u00a0\u00bbnone\u00a0\u00bb column_border_radius=\u00a0\u00bbnone\u00a0\u00bb column_link_target=\u00a0\u00bb_self\u00a0\u00bb column_position=\u00a0\u00bbdefault\u00a0\u00bb gradient_direction=\u00a0\u00bbleft_to_right\u00a0\u00bb overlay_strength=\u00a0\u00bb0.3&Prime; width=\u00a0\u00bb1\/1&Prime; tablet_width_inherit=\u00a0\u00bbdefault\u00a0\u00bb animation_type=\u00a0\u00bbdefault\u00a0\u00bb bg_image_animation=\u00a0\u00bbnone\u00a0\u00bb border_type=\u00a0\u00bbsimple\u00a0\u00bb column_border_width=\u00a0\u00bbnone\u00a0\u00bb column_border_style=\u00a0\u00bbsolid\u00a0\u00bb]<style type=\"text\/css\">#nectar-slider-instance-1, #nectar-slider-instance-1 .swiper-container { min-height: 250px; } <\/style><div  data-transition=\"slide\" data-overall_style=\"classic\" data-flexible-height=\"true\" data-animate-in-effect=\"none\" data-fullscreen=\"false\" data-button-sizing=\"large\" data-button-styling=\"btn_with_count\" data-autorotate=\"\" data-parallax=\"false\" data-parallax-disable-mobile=\"\" data-caption-trans=\"fade_in_from_bottom\" data-parallax-style=\"bg_only\" data-bg-animation=\"none\" data-full-width=\"false\" class=\"nectar-slider-wrap \" id=\"nectar-slider-instance-1\"><div class=\"swiper-container\"  data-tho=\"auto\" data-tco=\"auto\" data-pho=\"auto\" data-pco=\"auto\" data-loop=\"true\" data-height=\"380\" data-min-height=\"250\" data-arrows=\"false\" data-bullets=\"true\" data-bullet_style=\"see_through\" data-bullet_position=\"bottom\" data-desktop-swipe=\"true\" data-settings=\"\"> <div class=\"swiper-wrapper\"><div class=\"swiper-slide\" data-desktop-content-width=\"auto\" data-tablet-content-width=\"auto\" data-bg-alignment=\"center\" data-color-scheme=\"light\" data-x-pos=\"right\" data-y-pos=\"bottom\" ><div class=\"slide-bg-wrap\"><div class=\"image-bg\" style=\"background-image: url(https:\/\/goudbanklimburg.be\/wp-content\/uploads\/2019\/08\/IMG-20190801-WA0005.jpg);\"> &nbsp; <\/div><\/div><div class=\"container\">\n\t\t\t\t\t\t<div class=\"content\"><h2 class=\"ns-heading-el\">Goudbank Limburg<\/h2><p  ><span>Propre bureau \u00e0 Diepenbeek <br \/>\r\nParking gratuit devant la porte !<\/span><\/p><\/div>\n\t\t\t\t\t\t\t\t<\/div><!--\/container--><div class=\"video-texture \"> <span class=\"ie-fix\"><\/span> <\/div><a href=\"http:\/\/goudbanklimburg.be\/fr\/contact\/\" class=\"entire-slide-link\" aria-label=\"Goudbank Limburg\"> <span class=\"ie-fix\"><\/span> <\/a><\/div> <!--\/swiper-slide--><\/div><div class=\"nectar-slider-loading \"> <span class=\"loading-icon none\">   <\/span> <\/div> <\/div> \n\t\t\t\t\t\n\t\t\t\t\t<\/div>[\/vc_column][\/vc_row][vc_row type=\u00a0\u00bbin_container\u00a0\u00bb full_screen_row_position=\u00a0\u00bbmiddle\u00a0\u00bb column_margin=\u00a0\u00bbdefault\u00a0\u00bb column_direction=\u00a0\u00bbdefault\u00a0\u00bb column_direction_tablet=\u00a0\u00bbdefault\u00a0\u00bb column_direction_phone=\u00a0\u00bbdefault\u00a0\u00bb scene_position=\u00a0\u00bbcenter\u00a0\u00bb text_color=\u00a0\u00bbdark\u00a0\u00bb text_align=\u00a0\u00bbleft\u00a0\u00bb row_border_radius=\u00a0\u00bbnone\u00a0\u00bb row_border_radius_applies=\u00a0\u00bbbg\u00a0\u00bb row_position_desktop=\u00a0\u00bbdefault\u00a0\u00bb row_position_tablet=\u00a0\u00bbinherit\u00a0\u00bb row_position_phone=\u00a0\u00bbinherit\u00a0\u00bb overflow=\u00a0\u00bbvisible\u00a0\u00bb overlay_strength=\u00a0\u00bb0.3&Prime; gradient_direction=\u00a0\u00bbleft_to_right\u00a0\u00bb shape_divider_position=\u00a0\u00bbbottom\u00a0\u00bb bg_image_animation=\u00a0\u00bbnone\u00a0\u00bb][vc_column column_padding=\u00a0\u00bbno-extra-padding\u00a0\u00bb column_padding_tablet=\u00a0\u00bbinherit\u00a0\u00bb column_padding_phone=\u00a0\u00bbinherit\u00a0\u00bb column_padding_position=\u00a0\u00bball\u00a0\u00bb flex_gap_desktop=\u00a0\u00bb10px\u00a0\u00bb column_element_direction_desktop=\u00a0\u00bbdefault\u00a0\u00bb column_element_spacing=\u00a0\u00bbdefault\u00a0\u00bb desktop_text_alignment=\u00a0\u00bbdefault\u00a0\u00bb tablet_text_alignment=\u00a0\u00bbdefault\u00a0\u00bb phone_text_alignment=\u00a0\u00bbdefault\u00a0\u00bb background_color_opacity=\u00a0\u00bb1&Prime; background_hover_color_opacity=\u00a0\u00bb1&Prime; column_backdrop_filter=\u00a0\u00bbnone\u00a0\u00bb column_shadow=\u00a0\u00bbnone\u00a0\u00bb column_border_radius=\u00a0\u00bbnone\u00a0\u00bb column_link_target=\u00a0\u00bb_self\u00a0\u00bb column_position=\u00a0\u00bbdefault\u00a0\u00bb gradient_direction=\u00a0\u00bbleft_to_right\u00a0\u00bb overlay_strength=\u00a0\u00bb0.3&Prime; width=\u00a0\u00bb2\/3&Prime; tablet_width_inherit=\u00a0\u00bbdefault\u00a0\u00bb animation_type=\u00a0\u00bbdefault\u00a0\u00bb bg_image_animation=\u00a0\u00bbnone\u00a0\u00bb border_type=\u00a0\u00bbsimple\u00a0\u00bb column_border_width=\u00a0\u00bbnone\u00a0\u00bb column_border_style=\u00a0\u00bbsolid\u00a0\u00bb][heading]\n<h2><\/h2>\n<h2 style=\"text-align: center;\"><\/h2>\n<h2 style=\"text-align: center;\"><strong>Qui sommes-nous et que faisons-nous ?<br \/>\nAcheter d&rsquo;or, vendre d&rsquo;or, acheter argent, vendre argent<br \/>\nLa valeur de l\u2019or au kilo? Le prix de vente de l\u2019or est fix\u00e9 au gramme ? La valeur des pi\u00e8ces en or\u00a0 pour acheter ou vendre<\/strong><strong>? Krugerrand, Maple Leaf<br \/>\nVendre des pi\u00e8ces en or. De l\u2019or contre de l\u2019argent comptant, Monsterbox argent, 1 kilo Argent<br \/>\nVous trouverez ici une r\u00e9ponse \u00e0 toutes ces questions ou bien n\u2019h\u00e9sitez pas \u00e0 nous contacter.<\/strong><\/h2>\n<p>&nbsp;<\/p>\n<pre id=\"tw-target-text\" class=\"tw-data-text tw-text-large tw-ta\" dir=\"ltr\" data-placeholder=\"Vertaling\"><\/pre>\n[\/heading][vc_column_text css=\u00a0\u00bb\u00a0\u00bb text_direction=\u00a0\u00bbdefault\u00a0\u00bb]\n<h1 style=\"font-size: 20px;\">Vieil or et\u00a0vieil argent<\/h1>\n<p>Le plus haut prix pour votre <a href=\"https:\/\/goudbanklimburg.be\/fr\/oud-goud\/\">vieil or<\/a> 18 ct de toute la Belgique !<\/p>\n<pre id=\"tw-target-text\" class=\"tw-data-text tw-text-large tw-ta\" dir=\"ltr\" tabindex=\"-1\" role=\"text\" data-placeholder=\"Vertaling\" data-ved=\"2ahUKEwimp5X-0PmQAxUHzwIHHVgVEzAQ3ewLegQIDBAV\" aria-label=\"Vertaalde tekst: Paiement instantan\u00e9 sur votre compte, sans frais suppl\u00e9mentaires !\"><span class=\"Y2IQFc\" lang=\"fr\">Le virement est imm\u00e9diatement fait sur votre compte, sans frais suppl\u00e9mentaires !<\/span><\/pre>\n<p>Apr\u00e8s une exp\u00e9rience de 25 ans dans les investissements en or et en argent, en pi\u00e8ces cot\u00e9es \u00e0 la Bourse et en pi\u00e8ces numismatiques, nous avons d\u00e9cid\u00e9 en 2015 de fonder Goudbank Limburg. Nous achetons votre <a href=\"https:\/\/goudbanklimburg.be\/fr\/oud-goud\/\">vieil or<\/a> ou <a href=\"https:\/\/goudbanklimburg.be\/fr\/oud-zilver\/\">argent<\/a> en <a href=\"https:\/\/goudbanklimburg.be\/fr\/muntenbaren\/\">lingots et pi\u00e8ces<\/a>, bijoux, soupi\u00e8res, Platina, Palladium, Rhodium, des bijoux antiques, les diamants, des vieux lingots d&rsquo;or et en argent. Nous d\u00e9terminons la valeur de votre pieces gratuit sans aucune obligation.<\/p>\n<h2 style=\"font-size: 20px;\">Pi\u00e8ces et\u00a0lingots<\/h2>\n<p>Investir dans l\u2019or ou l\u2019argent ? Nous achetons et vendons des <a href=\"https:\/\/goudbanklimburg.be\/fr\/muntenbaren\/\">pi\u00e8ces et des lingots\u00a0en or<\/a> et en argent.<br \/>\nNos lingots d\u2019or sont certifi\u00e9s \u201cor en m\u00e9tal de la LBMA suisse\u201d.<br \/>\nNotre or est reconnu au niveau mondial et simple \u00e0 n\u00e9gocier en raison de son statut de <em>\u201cgood delivery\u201d<\/em>.<br \/>\nNos pi\u00e8ces et lingots ont la plus haute puret\u00e9 possible en or (999,9) et sont livr\u00e9s avec un certificat d\u2019authenticit\u00e9. On ach\u00e8te et vendre aussi des lingots sans certificat d&rsquo;authenticit\u00e9.<\/p>\n<h2 style=\"font-size: 20px;\">Expertise d&rsquo;\u00e9valuation<\/h2>\n<p>Nous avons notre propre fonderie, nos propres numismates, orf\u00e8vres et equipment sp\u00e9cialis\u00e9 comme par example un spectrom\u00e8tre.<br \/>\nNotre analyse est d&rsquo;un niveau tr\u00e8s haute. Des clients qui ach\u00e8te ou vendre d&rsquo;or sont assur\u00e9s de notre expertise.<br \/>\nAvec notre \u00e9quipe de professionnels exp\u00e9riment\u00e9s nous aspirons \u00e0 \u00e9tablir une relation durable avec nos clients. Pour nous, la discr\u00e9tion est fondamentale et va de pair avec professionnalisme. Toutes les transactions entre vous et Goudbank Limburg sont confidentielles.<\/p>\n<pre id=\"tw-target-text\" class=\"tw-data-text tw-text-large tw-ta\" dir=\"ltr\" tabindex=\"-1\" role=\"text\" data-placeholder=\"Vertaling\" data-ved=\"2ahUKEwipxLaI0PmQAxV7xAIHHcZ5MM8Q3ewLegQIDBAV\" aria-label=\"Vertaalde tekst: Vous pouvez vous garer gratuitement devant la porte.\"><span class=\"Y2IQFc\" lang=\"fr\">Vous pouvez parker gratuitement devant la porte! <\/span><\/pre>\n<p>Avez-vous d\u2019autres questions concernant votre <a href=\"https:\/\/goudbanklimburg.be\/fr\/oud-goud\/\">vieil or<\/a>, <a href=\"https:\/\/goudbanklimburg.be\/fr\/oud-zilver\/\">vieil argent<\/a>, vos <a href=\"https:\/\/goudbanklimburg.be\/fr\/muntenbaren\/\">pi\u00e8ces en or<\/a>, <a href=\"https:\/\/goudbanklimburg.be\/fr\/muntenbaren\/\">lingots en or<\/a>, le nettoyage \u00e0 ultrason ou l\u2019estimation de vos bijoux ?<br \/>\nConsultez notre page <a href=\"https:\/\/goudbanklimburg.be\/fr\/veelgestelde-vragen\/\">\u201cQuestions fr\u00e9quemment pos\u00e9es\u201d<\/a> ou <a href=\"https:\/\/goudbanklimburg.be\/fr\/contact\/\">contactez-nous<\/a>.[\/vc_column_text][\/vc_column][vc_column column_padding=\u00a0\u00bbno-extra-padding\u00a0\u00bb column_padding_tablet=\u00a0\u00bbinherit\u00a0\u00bb column_padding_phone=\u00a0\u00bbinherit\u00a0\u00bb column_padding_position=\u00a0\u00bball\u00a0\u00bb flex_gap_desktop=\u00a0\u00bb10px\u00a0\u00bb column_element_direction_desktop=\u00a0\u00bbdefault\u00a0\u00bb column_element_spacing=\u00a0\u00bbdefault\u00a0\u00bb desktop_text_alignment=\u00a0\u00bbdefault\u00a0\u00bb tablet_text_alignment=\u00a0\u00bbdefault\u00a0\u00bb phone_text_alignment=\u00a0\u00bbdefault\u00a0\u00bb background_color_opacity=\u00a0\u00bb1&Prime; background_hover_color_opacity=\u00a0\u00bb1&Prime; column_backdrop_filter=\u00a0\u00bbnone\u00a0\u00bb column_shadow=\u00a0\u00bbnone\u00a0\u00bb column_border_radius=\u00a0\u00bbnone\u00a0\u00bb column_link_target=\u00a0\u00bb_self\u00a0\u00bb column_position=\u00a0\u00bbdefault\u00a0\u00bb gradient_direction=\u00a0\u00bbleft_to_right\u00a0\u00bb overlay_strength=\u00a0\u00bb0.3&Prime; width=\u00a0\u00bb1\/3&Prime; tablet_width_inherit=\u00a0\u00bbdefault\u00a0\u00bb animation_type=\u00a0\u00bbdefault\u00a0\u00bb bg_image_animation=\u00a0\u00bbnone\u00a0\u00bb border_type=\u00a0\u00bbsimple\u00a0\u00bb column_border_width=\u00a0\u00bbnone\u00a0\u00bb column_border_style=\u00a0\u00bbsolid\u00a0\u00bb][heading]\n<h2 style=\"text-align: center;\"><strong>Cours de l\u2019or &#038; cours de l\u2019argent<\/strong><\/h2>\n[\/heading][vc_raw_html]JTNDY2VudGVyJTNFJTNDaWZyYW1lJTIwc3JjJTNEJTIyaHR0cHMlM0ElMkYlMkZnb3VkYmFua2xpbWJ1cmcuYmUlMkZnb3VkcHJpanMlMkZzbWFsbC5waHAlM0ZsYW5nJTNEZnIlMjIlMjB3aWR0aCUzRCUyMjIwMHB4JTIyJTIwaGVpZ2h0JTNEJTIyMjAwcHglMjIlMjBib3JkZXIlM0QlMjIwJTIyJTIwZnJhbWVib3JkZXIlM0QlMjIwJTIyJTNFJTNDJTJGaWZyYW1lJTNFJTNDJTJGY2VudGVyJTNF[\/vc_raw_html][vc_column_text][\/vc_column_text][vc_column_text][\/vc_column_text][vc_column_text]<img decoding=\"async\" class=\"aligncenter\" src=\"https:\/\/www.kitconet.com\/charts\/metals\/gold\/t24_au_en_eukg_2.gif\" alt=\"\" \/><img decoding=\"async\" class=\"aligncenter\" src=\"https:\/\/www.kitconet.com\/charts\/metals\/silver\/t24_ag_en_eukg_2.gif\" alt=\"\" \/>[\/vc_column_text][vc_column_text]\n<p><center><div class=\"cameronjonesweb_facebook_page_plugin\" data-version=\"1.9.2\" data-implementation=\"shortcode\" id=\"nLx2BIaZJSuoSCA\" data-method=\"sdk\"><div id=\"fb-root\"><\/div><script async defer crossorigin=\"anonymous\" src=\"https:\/\/connect.facebook.net\/fr\/sdk.js#xfbml=1&version=v23.0\"><\/script><div class=\"fb-page\" data-href=\"https:\/\/facebook.com\/Goudbank-Limburg-486883841492072\"  data-width=\"1000\" data-max-width=\"1000\" data-height=\"800\" data-hide-cover=\"false\" data-show-facepile=\"true\" data-tabs=\"timeline\" data-hide-cta=\"false\" data-small-header=\"false\" data-adapt-container-width=\"true\"><div class=\"fb-xfbml-parse-ignore\"><blockquote cite=\"https:\/\/www.facebook.com\/Goudbank-Limburg-486883841492072\"><a href=\"https:\/\/www.facebook.com\/Goudbank-Limburg-486883841492072\">https:\/\/www.facebook.com\/Goudbank-Limburg-486883841492072<\/a><\/blockquote><\/div><\/div><\/div><\/center>[\/vc_column_text][\/vc_column][\/vc_row]\n","protected":false},"excerpt":{"rendered":"<p>[vc_row type=\u00a0\u00bbin_container\u00a0\u00bb full_screen_row_position=\u00a0\u00bbmiddle\u00a0\u00bb column_margin=\u00a0\u00bbdefault\u00a0\u00bb column_direction=\u00a0\u00bbdefault\u00a0\u00bb column_direction_tablet=\u00a0\u00bbdefault\u00a0\u00bb column_direction_phone=\u00a0\u00bbdefault\u00a0\u00bb scene_position=\u00a0\u00bbcenter\u00a0\u00bb text_color=\u00a0\u00bbdark\u00a0\u00bb text_align=\u00a0\u00bbleft\u00a0\u00bb row_border_radius=\u00a0\u00bbnone\u00a0\u00bb row_border_radius_applies=\u00a0\u00bbbg\u00a0\u00bb row_position_desktop=\u00a0\u00bbdefault\u00a0\u00bb row_position_tablet=\u00a0\u00bbinherit\u00a0\u00bb row_position_phone=\u00a0\u00bbinherit\u00a0\u00bb overflow=\u00a0\u00bbvisible\u00a0\u00bb overlay_strength=\u00a0\u00bb0.3&Prime; gradient_direction=\u00a0\u00bbleft_to_right\u00a0\u00bb shape_divider_position=\u00a0\u00bbbottom\u00a0\u00bb bg_image_animation=\u00a0\u00bbnone\u00a0\u00bb][vc_column column_padding=\u00a0\u00bbno-extra-padding\u00a0\u00bb column_padding_tablet=\u00a0\u00bbinherit\u00a0\u00bb column_padding_phone=\u00a0\u00bbinherit\u00a0\u00bb column_padding_position=\u00a0\u00bball\u00a0\u00bb flex_gap_desktop=\u00a0\u00bb10px\u00a0\u00bb column_element_direction_desktop=\u00a0\u00bbdefault\u00a0\u00bb column_element_spacing=\u00a0\u00bbdefault\u00a0\u00bb desktop_text_alignment=\u00a0\u00bbdefault\u00a0\u00bb tablet_text_alignment=\u00a0\u00bbdefault\u00a0\u00bb phone_text_alignment=\u00a0\u00bbdefault\u00a0\u00bb&#8230;<\/p>\n","protected":false},"author":7,"featured_media":0,"parent":0,"menu_order":0,"comment_status":"closed","ping_status":"closed","template":"","meta":{"_monsterinsights_skip_tracking":false,"_monsterinsights_sitenote_active":false,"_monsterinsights_sitenote_note":"","_monsterinsights_sitenote_category":0,"footnotes":""},"class_list":["post-39","page","type-page","status-publish"],"yoast_head":"<!-- This site is optimized with the Yoast SEO plugin v27.3 - https:\/\/yoast.com\/product\/yoast-seo-wordpress\/ -->\n<title>Goudbank Limburg<\/title>\n<meta name=\"description\" content=\"Acheter de l\u2019or ou de l\u2019argent au meilleur prix? Vendre votre vieil or ou vieil?\" \/>\n<meta name=\"robots\" content=\"index, follow, max-snippet:-1, max-image-preview:large, max-video-preview:-1\" \/>\n<link rel=\"canonical\" href=\"https:\/\/goudbanklimburg.be\/fr\/\" \/>\n<meta property=\"og:locale\" content=\"fr_FR\" \/>\n<meta property=\"og:locale:alternate\" content=\"nl\" \/>\n<meta property=\"og:type\" content=\"article\" \/>\n<meta property=\"og:title\" content=\"Goudbank Limburg\" \/>\n<meta property=\"og:description\" content=\"Acheter de l\u2019or ou de l\u2019argent au meilleur prix? Vendre votre vieil or ou vieil?\" \/>\n<meta property=\"og:url\" content=\"https:\/\/goudbanklimburg.be\/fr\/nectar_slider\/automatische-concepten\/\" \/>\n<meta property=\"og:site_name\" content=\"Goudbank Limburg\" \/>\n<meta property=\"article:publisher\" content=\"https:\/\/www.facebook.com\/Goudbank-Limburg-486883841492072\/\" \/>\n<meta property=\"article:modified_time\" content=\"2026-03-02T09:43:41+00:00\" \/>\n<meta property=\"og:image\" content=\"https:\/\/www.kitconet.com\/charts\/metals\/gold\/t24_au_en_eukg_2.gif\" \/>\n<meta name=\"twitter:card\" content=\"summary_large_image\" \/>\n<meta name=\"twitter:label1\" content=\"Dur\u00e9e de lecture estim\u00e9e\" \/>\n\t<meta name=\"twitter:data1\" content=\"3 minutes\" \/>\n<script type=\"application\/ld+json\" class=\"yoast-schema-graph\">{\"@context\":\"https:\\\/\\\/schema.org\",\"@graph\":[{\"@type\":\"WebPage\",\"@id\":\"https:\\\/\\\/goudbanklimburg.be\\\/fr\\\/\",\"url\":\"https:\\\/\\\/goudbanklimburg.be\\\/fr\\\/\",\"name\":\"Goudbank Limburg\",\"isPartOf\":{\"@id\":\"https:\\\/\\\/goudbanklimburg.be\\\/nl\\\/#website\"},\"primaryImageOfPage\":{\"@id\":\"https:\\\/\\\/goudbanklimburg.be\\\/fr\\\/#primaryimage\"},\"image\":{\"@id\":\"https:\\\/\\\/goudbanklimburg.be\\\/fr\\\/#primaryimage\"},\"thumbnailUrl\":\"https:\\\/\\\/www.kitconet.com\\\/charts\\\/metals\\\/gold\\\/t24_au_en_eukg_2.gif\",\"datePublished\":\"2015-09-10T13:53:00+00:00\",\"dateModified\":\"2026-03-02T09:43:41+00:00\",\"description\":\"Acheter de l\u2019or ou de l\u2019argent au meilleur prix? Vendre votre vieil or ou vieil?\",\"breadcrumb\":{\"@id\":\"https:\\\/\\\/goudbanklimburg.be\\\/fr\\\/#breadcrumb\"},\"inLanguage\":\"fr\",\"potentialAction\":[{\"@type\":\"ReadAction\",\"target\":[\"https:\\\/\\\/goudbanklimburg.be\\\/fr\\\/\"]}]},{\"@type\":\"ImageObject\",\"inLanguage\":\"fr\",\"@id\":\"https:\\\/\\\/goudbanklimburg.be\\\/fr\\\/#primaryimage\",\"url\":\"https:\\\/\\\/www.kitconet.com\\\/charts\\\/metals\\\/gold\\\/t24_au_en_eukg_2.gif\",\"contentUrl\":\"https:\\\/\\\/www.kitconet.com\\\/charts\\\/metals\\\/gold\\\/t24_au_en_eukg_2.gif\"},{\"@type\":\"BreadcrumbList\",\"@id\":\"https:\\\/\\\/goudbanklimburg.be\\\/fr\\\/#breadcrumb\",\"itemListElement\":[{\"@type\":\"ListItem\",\"position\":1,\"name\":\"Home\",\"item\":\"https:\\\/\\\/goudbanklimburg.be\\\/fr\\\/\"},{\"@type\":\"ListItem\",\"position\":2,\"name\":\"Home\"}]},{\"@type\":\"WebSite\",\"@id\":\"https:\\\/\\\/goudbanklimburg.be\\\/nl\\\/#website\",\"url\":\"https:\\\/\\\/goudbanklimburg.be\\\/nl\\\/\",\"name\":\"Goudbank Limburg\",\"description\":\"Oud Goud - Goudbaren & Munten - Oud Zilver\",\"potentialAction\":[{\"@type\":\"SearchAction\",\"target\":{\"@type\":\"EntryPoint\",\"urlTemplate\":\"https:\\\/\\\/goudbanklimburg.be\\\/nl\\\/?s={search_term_string}\"},\"query-input\":{\"@type\":\"PropertyValueSpecification\",\"valueRequired\":true,\"valueName\":\"search_term_string\"}}],\"inLanguage\":\"fr\"}]}<\/script>\n<!-- \/ Yoast SEO plugin. -->","yoast_head_json":{"title":"Goudbank Limburg","description":"[:fr]Acheter de l\u2019or ou de l\u2019argent au meilleur prix? Vendre votre vieil or ou vieil?[:nl]Tegen de beste goudprijs fysiek goud of zilver kopen? Of oud goud of oud zilver inleveren?[:]","robots":{"index":"index","follow":"follow","max-snippet":"max-snippet:-1","max-image-preview":"max-image-preview:large","max-video-preview":"max-video-preview:-1"},"canonical":"https:\/\/goudbanklimburg.be\/fr\/","og_locale":"fr_FR","og_type":"article","og_title":"[:fr]Goudbank Limburg[:nl]Goudbank Limburg- oud goud- oud zilver- juwelen- munten[:]","og_description":"[:fr]Acheter de l\u2019or ou de l\u2019argent au meilleur prix? Vendre votre vieil or ou vieil?[:nl]Tegen de beste goudprijs fysiek goud of zilver kopen? Of oud goud of oud zilver inleveren?[:]","og_url":"https:\/\/goudbanklimburg.be\/fr\/nectar_slider\/automatische-concepten\/","og_site_name":"Goudbank Limburg","article_publisher":"https:\/\/www.facebook.com\/Goudbank-Limburg-486883841492072\/","article_modified_time":"2026-03-02T09:43:41+00:00","og_image":[{"url":"https:\/\/www.kitconet.com\/charts\/metals\/gold\/t24_au_en_eukg_2.gif","type":"","width":"","height":""}],"twitter_card":"summary_large_image","twitter_misc":{"Dur\u00e9e de lecture estim\u00e9e":"3 minutes"},"schema":{"@context":"https:\/\/schema.org","@graph":[{"@type":"WebPage","@id":"https:\/\/goudbanklimburg.be\/fr\/","url":"https:\/\/goudbanklimburg.be\/fr\/","name":"Goudbank Limburg","isPartOf":{"@id":"https:\/\/goudbanklimburg.be\/nl\/#website"},"primaryImageOfPage":{"@id":"https:\/\/goudbanklimburg.be\/fr\/#primaryimage"},"image":{"@id":"https:\/\/goudbanklimburg.be\/fr\/#primaryimage"},"thumbnailUrl":"https:\/\/www.kitconet.com\/charts\/metals\/gold\/t24_au_en_eukg_2.gif","datePublished":"2015-09-10T13:53:00+00:00","dateModified":"2026-03-02T09:43:41+00:00","description":"Acheter de l\u2019or ou de l\u2019argent au meilleur prix? Vendre votre vieil or ou vieil?","breadcrumb":{"@id":"https:\/\/goudbanklimburg.be\/fr\/#breadcrumb"},"inLanguage":"fr","potentialAction":[{"@type":"ReadAction","target":["https:\/\/goudbanklimburg.be\/fr\/"]}]},{"@type":"ImageObject","inLanguage":"fr","@id":"https:\/\/goudbanklimburg.be\/fr\/#primaryimage","url":"https:\/\/www.kitconet.com\/charts\/metals\/gold\/t24_au_en_eukg_2.gif","contentUrl":"https:\/\/www.kitconet.com\/charts\/metals\/gold\/t24_au_en_eukg_2.gif"},{"@type":"BreadcrumbList","@id":"https:\/\/goudbanklimburg.be\/fr\/#breadcrumb","itemListElement":[{"@type":"ListItem","position":1,"name":"Home","item":"https:\/\/goudbanklimburg.be\/fr\/"},{"@type":"ListItem","position":2,"name":"Home"}]},{"@type":"WebSite","@id":"https:\/\/goudbanklimburg.be\/nl\/#website","url":"https:\/\/goudbanklimburg.be\/nl\/","name":"Goudbank Limburg","description":"Oud Goud - Goudbaren & Munten - Oud Zilver","potentialAction":[{"@type":"SearchAction","target":{"@type":"EntryPoint","urlTemplate":"https:\/\/goudbanklimburg.be\/nl\/?s={search_term_string}"},"query-input":{"@type":"PropertyValueSpecification","valueRequired":true,"valueName":"search_term_string"}}],"inLanguage":"fr"}]}},"_links":{"self":[{"href":"https:\/\/goudbanklimburg.be\/fr\/wp-json\/wp\/v2\/pages\/39","targetHints":{"allow":["GET"]}}],"collection":[{"href":"https:\/\/goudbanklimburg.be\/fr\/wp-json\/wp\/v2\/pages"}],"about":[{"href":"https:\/\/goudbanklimburg.be\/fr\/wp-json\/wp\/v2\/types\/page"}],"author":[{"embeddable":true,"href":"https:\/\/goudbanklimburg.be\/fr\/wp-json\/wp\/v2\/users\/7"}],"replies":[{"embeddable":true,"href":"https:\/\/goudbanklimburg.be\/fr\/wp-json\/wp\/v2\/comments?post=39"}],"version-history":[{"count":5,"href":"https:\/\/goudbanklimburg.be\/fr\/wp-json\/wp\/v2\/pages\/39\/revisions"}],"predecessor-version":[{"id":15863,"href":"https:\/\/goudbanklimburg.be\/fr\/wp-json\/wp\/v2\/pages\/39\/revisions\/15863"}],"wp:attachment":[{"href":"https:\/\/goudbanklimburg.be\/fr\/wp-json\/wp\/v2\/media?parent=39"}],"curies":[{"name":"wp","href":"https:\/\/api.w.org\/{rel}","templated":true}]}}