{"id":4819,"date":"2017-12-15T14:58:21","date_gmt":"2017-12-15T13:58:21","guid":{"rendered":"https:\/\/goudbanklimburg.be\/?page_id=4819"},"modified":"2026-03-02T10:34:34","modified_gmt":"2026-03-02T09:34:34","slug":"muntenbaren","status":"publish","type":"page","link":"https:\/\/goudbanklimburg.be\/fr\/muntenbaren\/","title":{"rendered":"Pieces &#038; Lingots"},"content":{"rendered":"[vc_row type=\u00a0\u00bbin_container\u00a0\u00bb full_screen_row_position=\u00a0\u00bbmiddle\u00a0\u00bb column_margin=\u00a0\u00bbdefault\u00a0\u00bb column_direction=\u00a0\u00bbdefault\u00a0\u00bb column_direction_tablet=\u00a0\u00bbdefault\u00a0\u00bb column_direction_phone=\u00a0\u00bbdefault\u00a0\u00bb scene_position=\u00a0\u00bbcenter\u00a0\u00bb text_color=\u00a0\u00bbdark\u00a0\u00bb text_align=\u00a0\u00bbleft\u00a0\u00bb row_border_radius=\u00a0\u00bbnone\u00a0\u00bb row_border_radius_applies=\u00a0\u00bbbg\u00a0\u00bb row_position_desktop=\u00a0\u00bbdefault\u00a0\u00bb row_position_tablet=\u00a0\u00bbinherit\u00a0\u00bb row_position_phone=\u00a0\u00bbinherit\u00a0\u00bb overflow=\u00a0\u00bbvisible\u00a0\u00bb overlay_strength=\u00a0\u00bb0.3&Prime; gradient_direction=\u00a0\u00bbleft_to_right\u00a0\u00bb shape_divider_position=\u00a0\u00bbbottom\u00a0\u00bb bg_image_animation=\u00a0\u00bbnone\u00a0\u00bb][vc_column column_padding=\u00a0\u00bbno-extra-padding\u00a0\u00bb column_padding_tablet=\u00a0\u00bbinherit\u00a0\u00bb column_padding_phone=\u00a0\u00bbinherit\u00a0\u00bb column_padding_position=\u00a0\u00bball\u00a0\u00bb flex_gap_desktop=\u00a0\u00bb10px\u00a0\u00bb column_element_direction_desktop=\u00a0\u00bbdefault\u00a0\u00bb column_element_spacing=\u00a0\u00bbdefault\u00a0\u00bb desktop_text_alignment=\u00a0\u00bbdefault\u00a0\u00bb tablet_text_alignment=\u00a0\u00bbdefault\u00a0\u00bb phone_text_alignment=\u00a0\u00bbdefault\u00a0\u00bb background_color_opacity=\u00a0\u00bb1&Prime; background_hover_color_opacity=\u00a0\u00bb1&Prime; column_backdrop_filter=\u00a0\u00bbnone\u00a0\u00bb column_shadow=\u00a0\u00bbnone\u00a0\u00bb column_border_radius=\u00a0\u00bbnone\u00a0\u00bb column_link_target=\u00a0\u00bb_self\u00a0\u00bb column_position=\u00a0\u00bbdefault\u00a0\u00bb gradient_direction=\u00a0\u00bbleft_to_right\u00a0\u00bb overlay_strength=\u00a0\u00bb0.3&Prime; width=\u00a0\u00bb2\/3&Prime; tablet_width_inherit=\u00a0\u00bbdefault\u00a0\u00bb animation_type=\u00a0\u00bbdefault\u00a0\u00bb bg_image_animation=\u00a0\u00bbnone\u00a0\u00bb border_type=\u00a0\u00bbsimple\u00a0\u00bb column_border_width=\u00a0\u00bbnone\u00a0\u00bb column_border_style=\u00a0\u00bbsolid\u00a0\u00bb][heading]\n<h2 style=\"text-align: center;\">Valeur des pi\u00e8ces en or<\/h2>\n<h2 style=\"text-align: center;\"><strong>Pi\u00e8ces en or &#038; lingots d&rsquo;or cot\u00e9s \u00e0 la Bourse<\/strong><\/h2>\n<h2 style=\"text-align: center;\"><\/h2>\n[\/heading][vc_column_text css=\u00a0\u00bb\u00a0\u00bb text_direction=\u00a0\u00bbdefault\u00a0\u00bb]Nous sommes actifs dans la vente et achat d\u2019or ainsi que dans l\u2019or et l\u2019argent d\u2019investissement.<br \/>\nNous achetons aussi les pi\u00e8ces d\u2019or non courantes au prix de r\u00e9f\u00e9rence !<br \/>\nNous vendons des lingots d\u2019or n\u00e9gociables \u00e0 l\u2019international (LBMA).<br \/>\nLe prix de r\u00e9f\u00e9rence de l\u2019or affich\u00e9 dans la liste ci-dessous correspond \u00e0 la valeur de l\u2019or qu\u2019a la pi\u00e8ce d\u2019or ou le lingot d\u2019or sur les cours des march\u00e9s internationaux.<\/p>\n<p>Pour l\u2019achat et la vente de l\u2019or, nous ajoutons une prime.<\/p>\n<p style=\"margin-bottom: 40px;\"><a href=\"https:\/\/goudbanklimburg.be\/fr\/contact\/\">N\u2019h\u00e9sitez pas \u00e0 nous contacter pour conna\u00eetre les cours d\u2019achat ou de vente.<\/a><\/p>\n<pre id=\"tw-target-text\" class=\"tw-data-text tw-text-large tw-ta\" dir=\"ltr\" data-placeholder=\"Vertaling\"><strong>Samedi's nous sommes ferm\u00e9e. <\/strong><\/pre>\n[\/vc_column_text][vc_text_separator title=\u00a0\u00bb\u00a0\u00bb css=\u00a0\u00bb\u00a0\u00bb][vc_raw_html]JTNDY2VudGVyJTNFJTNDaWZyYW1lJTIwc3JjJTNEJTIyaHR0cHMlM0ElMkYlMkZnb3VkYmFua2xpbWJ1cmcuYmUlMkZnb3VkcHJpanMlMkZpbmRleC5waHAlM0ZsYW5nJTNEZnIlMjIlMjB3aWR0aCUzRCUyMjEwMCUyNSUyMiUyMGhlaWdodCUzRCUyMjI2MDBweCUyMiUyMGZyYW1lYm9yZGVyJTNEJTIyMCUyMiUzRSUzQyUyRmlmcmFtZSUzRSUzQyUyRmNlbnRlciUzRQ==[\/vc_raw_html][\/vc_column][vc_column column_padding=\u00a0\u00bbno-extra-padding\u00a0\u00bb column_padding_tablet=\u00a0\u00bbinherit\u00a0\u00bb column_padding_phone=\u00a0\u00bbinherit\u00a0\u00bb column_padding_position=\u00a0\u00bball\u00a0\u00bb flex_gap_desktop=\u00a0\u00bb10px\u00a0\u00bb column_element_direction_desktop=\u00a0\u00bbdefault\u00a0\u00bb column_element_spacing=\u00a0\u00bbdefault\u00a0\u00bb desktop_text_alignment=\u00a0\u00bbdefault\u00a0\u00bb tablet_text_alignment=\u00a0\u00bbdefault\u00a0\u00bb phone_text_alignment=\u00a0\u00bbdefault\u00a0\u00bb background_color_opacity=\u00a0\u00bb1&Prime; background_hover_color_opacity=\u00a0\u00bb1&Prime; column_backdrop_filter=\u00a0\u00bbnone\u00a0\u00bb column_shadow=\u00a0\u00bbnone\u00a0\u00bb column_border_radius=\u00a0\u00bbnone\u00a0\u00bb column_link_target=\u00a0\u00bb_self\u00a0\u00bb column_position=\u00a0\u00bbdefault\u00a0\u00bb gradient_direction=\u00a0\u00bbleft_to_right\u00a0\u00bb overlay_strength=\u00a0\u00bb0.3&Prime; width=\u00a0\u00bb1\/3&Prime; tablet_width_inherit=\u00a0\u00bbdefault\u00a0\u00bb animation_type=\u00a0\u00bbdefault\u00a0\u00bb bg_image_animation=\u00a0\u00bbnone\u00a0\u00bb border_type=\u00a0\u00bbsimple\u00a0\u00bb column_border_width=\u00a0\u00bbnone\u00a0\u00bb column_border_style=\u00a0\u00bbsolid\u00a0\u00bb][heading]\n<h2 style=\"text-align: center;\"><strong>Cours de l\u2019or &#038; cours de l\u2019argent<\/strong><\/h2>\n[\/heading][vc_raw_html]JTNDY2VudGVyJTNFJTNDaWZyYW1lJTIwc3JjJTNEJTIyaHR0cHMlM0ElMkYlMkZnb3VkYmFua2xpbWJ1cmcuYmUlMkZnb3VkcHJpanMlMkZzbWFsbC5waHAlM0ZsYW5nJTNEZnIlMjIlMjB3aWR0aCUzRCUyMjIwMHB4JTIyJTIwaGVpZ2h0JTNEJTIyMjAwcHglMjIlMjBmcmFtZWJvcmRlciUzRCUyMjAlMjIlM0UlM0MlMkZpZnJhbWUlM0UlM0MlMkZjZW50ZXIlM0U=[\/vc_raw_html][heading]\n<h2 style=\"text-align: center;\"><strong>Cours de l\u2019or &#038; cours de l\u2019argent 24h<\/strong><\/h2>\n[\/heading][vc_raw_html]JTNDaW1nJTIwY2xhc3MlM0QlMjJhbGlnbmNlbnRlciUyMiUyMHNyYyUzRCUyMmh0dHBzJTNBJTJGJTJGd3d3LmtpdGNvbmV0LmNvbSUyRmNoYXJ0cyUyRm1ldGFscyUyRmdvbGQlMkZ0MjRfYXVfZW5fZXVrZ18yLmdpZiUyMiUyMGFsdCUzRCUyMiUyMiUyMCUyRiUzRSUzQ2ltZyUyMGNsYXNzJTNEJTIyYWxpZ25jZW50ZXIlMjIlMjBzcmMlM0QlMjJodHRwcyUzQSUyRiUyRnd3dy5raXRjb25ldC5jb20lMkZjaGFydHMlMkZtZXRhbHMlMkZzaWx2ZXIlMkZ0MjRfYWdfZW5fZXVrZ18yLmdpZiUyMiUyMGFsdCUzRCUyMiUyMiUyMCUyRiUzRQ==[\/vc_raw_html][\/vc_column][\/vc_row]\n","protected":false},"excerpt":{"rendered":"<p>[vc_row type=\u00a0\u00bbin_container\u00a0\u00bb full_screen_row_position=\u00a0\u00bbmiddle\u00a0\u00bb column_margin=\u00a0\u00bbdefault\u00a0\u00bb column_direction=\u00a0\u00bbdefault\u00a0\u00bb column_direction_tablet=\u00a0\u00bbdefault\u00a0\u00bb column_direction_phone=\u00a0\u00bbdefault\u00a0\u00bb scene_position=\u00a0\u00bbcenter\u00a0\u00bb text_color=\u00a0\u00bbdark\u00a0\u00bb text_align=\u00a0\u00bbleft\u00a0\u00bb row_border_radius=\u00a0\u00bbnone\u00a0\u00bb row_border_radius_applies=\u00a0\u00bbbg\u00a0\u00bb row_position_desktop=\u00a0\u00bbdefault\u00a0\u00bb row_position_tablet=\u00a0\u00bbinherit\u00a0\u00bb row_position_phone=\u00a0\u00bbinherit\u00a0\u00bb overflow=\u00a0\u00bbvisible\u00a0\u00bb overlay_strength=\u00a0\u00bb0.3&Prime; gradient_direction=\u00a0\u00bbleft_to_right\u00a0\u00bb shape_divider_position=\u00a0\u00bbbottom\u00a0\u00bb bg_image_animation=\u00a0\u00bbnone\u00a0\u00bb][vc_column column_padding=\u00a0\u00bbno-extra-padding\u00a0\u00bb column_padding_tablet=\u00a0\u00bbinherit\u00a0\u00bb column_padding_phone=\u00a0\u00bbinherit\u00a0\u00bb column_padding_position=\u00a0\u00bball\u00a0\u00bb flex_gap_desktop=\u00a0\u00bb10px\u00a0\u00bb column_element_direction_desktop=\u00a0\u00bbdefault\u00a0\u00bb column_element_spacing=\u00a0\u00bbdefault\u00a0\u00bb desktop_text_alignment=\u00a0\u00bbdefault\u00a0\u00bb tablet_text_alignment=\u00a0\u00bbdefault\u00a0\u00bb phone_text_alignment=\u00a0\u00bbdefault\u00a0\u00bb&#8230;<\/p>\n","protected":false},"author":7,"featured_media":0,"parent":0,"menu_order":0,"comment_status":"closed","ping_status":"closed","template":"","meta":{"_monsterinsights_skip_tracking":false,"_monsterinsights_sitenote_active":false,"_monsterinsights_sitenote_note":"","_monsterinsights_sitenote_category":0,"footnotes":""},"class_list":["post-4819","page","type-page","status-publish"],"yoast_head":"<!-- This site is optimized with the Yoast SEO plugin v27.3 - https:\/\/yoast.com\/product\/yoast-seo-wordpress\/ -->\n<title>Beursgenoteerde Gouden Munten &amp; Goudbaren | Goudbank Limburg<\/title>\n<meta name=\"description\" content=\"Wij doen aan- en verkoop van goud, beleggingsgoud en -zilver. Ook de niet-courante gouden munten kopen wij aan aan de beste prijzen!\" \/>\n<meta name=\"robots\" content=\"index, follow, max-snippet:-1, max-image-preview:large, max-video-preview:-1\" \/>\n<link rel=\"canonical\" href=\"https:\/\/goudbanklimburg.be\/fr\/muntenbaren\/\" \/>\n<meta property=\"og:locale\" content=\"fr_FR\" \/>\n<meta property=\"og:locale:alternate\" content=\"nl\" \/>\n<meta property=\"og:type\" content=\"article\" \/>\n<meta property=\"og:title\" content=\"Beursgenoteerde Gouden Munten &amp; Goudbaren | Goudbank Limburg\" \/>\n<meta property=\"og:description\" content=\"Wij doen aan- en verkoop van goud, beleggingsgoud en -zilver. Ook de niet-courante gouden munten kopen wij aan aan de beste prijzen!\" \/>\n<meta property=\"og:url\" content=\"https:\/\/goudbanklimburg.be\/fr\/muntenbaren\/\" \/>\n<meta property=\"og:site_name\" content=\"Goudbank Limburg\" \/>\n<meta property=\"article:publisher\" content=\"https:\/\/www.facebook.com\/Goudbank-Limburg-486883841492072\/\" \/>\n<meta property=\"article:modified_time\" content=\"2026-03-02T09:34:34+00:00\" \/>\n<meta name=\"twitter:card\" content=\"summary_large_image\" \/>\n<meta name=\"twitter:label1\" content=\"Dur\u00e9e de lecture estim\u00e9e\" \/>\n\t<meta name=\"twitter:data1\" content=\"1 minute\" \/>\n<script type=\"application\/ld+json\" class=\"yoast-schema-graph\">{\"@context\":\"https:\\\/\\\/schema.org\",\"@graph\":[{\"@type\":\"WebPage\",\"@id\":\"https:\\\/\\\/goudbanklimburg.be\\\/fr\\\/muntenbaren\\\/\",\"url\":\"https:\\\/\\\/goudbanklimburg.be\\\/fr\\\/muntenbaren\\\/\",\"name\":\"Beursgenoteerde Gouden Munten & Goudbaren | Goudbank Limburg\",\"isPartOf\":{\"@id\":\"https:\\\/\\\/goudbanklimburg.be\\\/nl\\\/#website\"},\"datePublished\":\"2017-12-15T13:58:21+00:00\",\"dateModified\":\"2026-03-02T09:34:34+00:00\",\"description\":\"Wij doen aan- en verkoop van goud, beleggingsgoud en -zilver. Ook de niet-courante gouden munten kopen wij aan aan de beste prijzen!\",\"breadcrumb\":{\"@id\":\"https:\\\/\\\/goudbanklimburg.be\\\/fr\\\/muntenbaren\\\/#breadcrumb\"},\"inLanguage\":\"fr\",\"potentialAction\":[{\"@type\":\"ReadAction\",\"target\":[\"https:\\\/\\\/goudbanklimburg.be\\\/fr\\\/muntenbaren\\\/\"]}]},{\"@type\":\"BreadcrumbList\",\"@id\":\"https:\\\/\\\/goudbanklimburg.be\\\/fr\\\/muntenbaren\\\/#breadcrumb\",\"itemListElement\":[{\"@type\":\"ListItem\",\"position\":1,\"name\":\"Home\",\"item\":\"https:\\\/\\\/goudbanklimburg.be\\\/fr\\\/\"},{\"@type\":\"ListItem\",\"position\":2,\"name\":\"Pieces &#038; Lingots\"}]},{\"@type\":\"WebSite\",\"@id\":\"https:\\\/\\\/goudbanklimburg.be\\\/nl\\\/#website\",\"url\":\"https:\\\/\\\/goudbanklimburg.be\\\/nl\\\/\",\"name\":\"Goudbank Limburg\",\"description\":\"Oud Goud - Goudbaren & Munten - Oud Zilver\",\"potentialAction\":[{\"@type\":\"SearchAction\",\"target\":{\"@type\":\"EntryPoint\",\"urlTemplate\":\"https:\\\/\\\/goudbanklimburg.be\\\/nl\\\/?s={search_term_string}\"},\"query-input\":{\"@type\":\"PropertyValueSpecification\",\"valueRequired\":true,\"valueName\":\"search_term_string\"}}],\"inLanguage\":\"fr\"}]}<\/script>\n<!-- \/ Yoast SEO plugin. -->","yoast_head_json":{"title":"Beursgenoteerde Gouden Munten & Goudbaren | Goudbank Limburg","description":"Wij doen aan- en verkoop van goud, beleggingsgoud en -zilver. Ook de niet-courante gouden munten kopen wij aan aan de beste prijzen!","robots":{"index":"index","follow":"follow","max-snippet":"max-snippet:-1","max-image-preview":"max-image-preview:large","max-video-preview":"max-video-preview:-1"},"canonical":"https:\/\/goudbanklimburg.be\/fr\/muntenbaren\/","og_locale":"fr_FR","og_type":"article","og_title":"[:nl]Beursgenoteerde Gouden Munten & Goudbaren | Goudbank Limburg[:]","og_description":"[:nl]Wij doen aan- en verkoop van goud, beleggingsgoud en -zilver. Ook de niet-courante gouden munten kopen wij aan aan de beste prijzen![:]","og_url":"https:\/\/goudbanklimburg.be\/fr\/muntenbaren\/","og_site_name":"Goudbank Limburg","article_publisher":"https:\/\/www.facebook.com\/Goudbank-Limburg-486883841492072\/","article_modified_time":"2026-03-02T09:34:34+00:00","twitter_card":"summary_large_image","twitter_misc":{"Dur\u00e9e de lecture estim\u00e9e":"1 minute"},"schema":{"@context":"https:\/\/schema.org","@graph":[{"@type":"WebPage","@id":"https:\/\/goudbanklimburg.be\/fr\/muntenbaren\/","url":"https:\/\/goudbanklimburg.be\/fr\/muntenbaren\/","name":"Beursgenoteerde Gouden Munten & Goudbaren | Goudbank Limburg","isPartOf":{"@id":"https:\/\/goudbanklimburg.be\/nl\/#website"},"datePublished":"2017-12-15T13:58:21+00:00","dateModified":"2026-03-02T09:34:34+00:00","description":"Wij doen aan- en verkoop van goud, beleggingsgoud en -zilver. Ook de niet-courante gouden munten kopen wij aan aan de beste prijzen!","breadcrumb":{"@id":"https:\/\/goudbanklimburg.be\/fr\/muntenbaren\/#breadcrumb"},"inLanguage":"fr","potentialAction":[{"@type":"ReadAction","target":["https:\/\/goudbanklimburg.be\/fr\/muntenbaren\/"]}]},{"@type":"BreadcrumbList","@id":"https:\/\/goudbanklimburg.be\/fr\/muntenbaren\/#breadcrumb","itemListElement":[{"@type":"ListItem","position":1,"name":"Home","item":"https:\/\/goudbanklimburg.be\/fr\/"},{"@type":"ListItem","position":2,"name":"Pieces &#038; Lingots"}]},{"@type":"WebSite","@id":"https:\/\/goudbanklimburg.be\/nl\/#website","url":"https:\/\/goudbanklimburg.be\/nl\/","name":"Goudbank Limburg","description":"Oud Goud - Goudbaren & Munten - Oud Zilver","potentialAction":[{"@type":"SearchAction","target":{"@type":"EntryPoint","urlTemplate":"https:\/\/goudbanklimburg.be\/nl\/?s={search_term_string}"},"query-input":{"@type":"PropertyValueSpecification","valueRequired":true,"valueName":"search_term_string"}}],"inLanguage":"fr"}]}},"_links":{"self":[{"href":"https:\/\/goudbanklimburg.be\/fr\/wp-json\/wp\/v2\/pages\/4819","targetHints":{"allow":["GET"]}}],"collection":[{"href":"https:\/\/goudbanklimburg.be\/fr\/wp-json\/wp\/v2\/pages"}],"about":[{"href":"https:\/\/goudbanklimburg.be\/fr\/wp-json\/wp\/v2\/types\/page"}],"author":[{"embeddable":true,"href":"https:\/\/goudbanklimburg.be\/fr\/wp-json\/wp\/v2\/users\/7"}],"replies":[{"embeddable":true,"href":"https:\/\/goudbanklimburg.be\/fr\/wp-json\/wp\/v2\/comments?post=4819"}],"version-history":[{"count":4,"href":"https:\/\/goudbanklimburg.be\/fr\/wp-json\/wp\/v2\/pages\/4819\/revisions"}],"predecessor-version":[{"id":15859,"href":"https:\/\/goudbanklimburg.be\/fr\/wp-json\/wp\/v2\/pages\/4819\/revisions\/15859"}],"wp:attachment":[{"href":"https:\/\/goudbanklimburg.be\/fr\/wp-json\/wp\/v2\/media?parent=4819"}],"curies":[{"name":"wp","href":"https:\/\/api.w.org\/{rel}","templated":true}]}}