{"id":7,"date":"2015-09-09T12:42:30","date_gmt":"2015-09-09T11:42:30","guid":{"rendered":"http:\/\/goudbanklimburg.be\/?page_id=7"},"modified":"2026-04-15T08:48:12","modified_gmt":"2026-04-15T07:48:12","slug":"oud-goud","status":"publish","type":"page","link":"https:\/\/goudbanklimburg.be\/fr\/oud-goud\/","title":{"rendered":"Vieil or"},"content":{"rendered":"[vc_row type=\u00a0\u00bbin_container\u00a0\u00bb full_screen_row_position=\u00a0\u00bbmiddle\u00a0\u00bb column_margin=\u00a0\u00bbdefault\u00a0\u00bb column_direction=\u00a0\u00bbdefault\u00a0\u00bb column_direction_tablet=\u00a0\u00bbdefault\u00a0\u00bb column_direction_phone=\u00a0\u00bbdefault\u00a0\u00bb scene_position=\u00a0\u00bbcenter\u00a0\u00bb text_color=\u00a0\u00bbdark\u00a0\u00bb text_align=\u00a0\u00bbleft\u00a0\u00bb row_border_radius=\u00a0\u00bbnone\u00a0\u00bb row_border_radius_applies=\u00a0\u00bbbg\u00a0\u00bb row_position_desktop=\u00a0\u00bbdefault\u00a0\u00bb row_position_tablet=\u00a0\u00bbinherit\u00a0\u00bb row_position_phone=\u00a0\u00bbinherit\u00a0\u00bb overflow=\u00a0\u00bbvisible\u00a0\u00bb overlay_strength=\u00a0\u00bb0.3&Prime; gradient_direction=\u00a0\u00bbleft_to_right\u00a0\u00bb shape_divider_position=\u00a0\u00bbbottom\u00a0\u00bb bg_image_animation=\u00a0\u00bbnone\u00a0\u00bb][vc_column column_padding=\u00a0\u00bbno-extra-padding\u00a0\u00bb column_padding_tablet=\u00a0\u00bbinherit\u00a0\u00bb column_padding_phone=\u00a0\u00bbinherit\u00a0\u00bb column_padding_position=\u00a0\u00bball\u00a0\u00bb flex_gap_desktop=\u00a0\u00bb10px\u00a0\u00bb column_element_direction_desktop=\u00a0\u00bbdefault\u00a0\u00bb column_element_spacing=\u00a0\u00bbdefault\u00a0\u00bb desktop_text_alignment=\u00a0\u00bbdefault\u00a0\u00bb tablet_text_alignment=\u00a0\u00bbdefault\u00a0\u00bb phone_text_alignment=\u00a0\u00bbdefault\u00a0\u00bb background_color_opacity=\u00a0\u00bb1&Prime; background_hover_color_opacity=\u00a0\u00bb1&Prime; column_backdrop_filter=\u00a0\u00bbnone\u00a0\u00bb column_shadow=\u00a0\u00bbnone\u00a0\u00bb column_border_radius=\u00a0\u00bbnone\u00a0\u00bb column_link_target=\u00a0\u00bb_self\u00a0\u00bb column_position=\u00a0\u00bbdefault\u00a0\u00bb gradient_direction=\u00a0\u00bbleft_to_right\u00a0\u00bb overlay_strength=\u00a0\u00bb0.3&Prime; width=\u00a0\u00bb1\/1&Prime; tablet_width_inherit=\u00a0\u00bbdefault\u00a0\u00bb animation_type=\u00a0\u00bbdefault\u00a0\u00bb bg_image_animation=\u00a0\u00bbnone\u00a0\u00bb border_type=\u00a0\u00bbsimple\u00a0\u00bb column_border_width=\u00a0\u00bbnone\u00a0\u00bb column_border_style=\u00a0\u00bbsolid\u00a0\u00bb][heading]\n<h2 style=\"text-align: center;\">Prix de vente de l\u2019or par gramme<\/h2>\n<h2 style=\"text-align: center;\"><strong>Nous achetons votre vieil or<\/strong><\/h2>\n<h2 style=\"text-align: center;\"><\/h2>\n[\/heading][vc_column_text css=\u00a0\u00bb\u00a0\u00bb text_direction=\u00a0\u00bbdefault\u00a0\u00bb]\n<p style=\"margin-bottom: 40px;\">Nous achetons votre vieil or, vos bijoux en vieil or, nouveaux bijoux en or, pi\u00e8ces en or, montres en or, dents en or, m\u00e9daillons en or, etc&#8230;<br \/>\nLes cours affich\u00e9s sur nos tableaux ne sont que les cotations du moment. Vous aurez le prix d\u00e9finitif du gramme d\u2019or, une fois chez nous \u00e0 notre bureau.<br \/>\n<a href=\"https:\/\/goudbanklimburg.be\/fr\/contact\/\">N\u2019h\u00e9sitez pas \u00e0 nous contacter<\/a> pour conna\u00eetre les cours d\u2019achat ou de vente. Il n\u2019y a pas de commission, et le prix de l\u2019or est ajust\u00e9 plusieurs fois par jour dans les tableaux avec les heures correctes. Pour moins de 25 grammes d\u2019or, comptez : \u2013 \u20ac1 par gramme d\u2019or.<br \/>\n<span class=\"Y2IQFc\" lang=\"fr\">B2B, bijoutier, n\u00e9gociant en or, orf\u00e8vre, professionnel, <\/span>on vous offrons alors d\u2019autres tarifs pour votre vieil or ou votre stock de nouvel or ou argent.<\/p>\n<p style=\"margin-bottom: 40px;\"><strong>Notre service t\u00e9l\u00e9phonique est temporairement hors service. Vous pouvez toujours passer sans aucune obligation et sans rendez-vous<\/strong><\/p>\n<p><strong>Samedi&rsquo;s ferm\u00e9e<\/strong>[\/vc_column_text][vc_text_separator title=\u00a0\u00bbLes tarifs ci-dessous ont \u00e9t\u00e9 modifi\u00e9s pour la derni\u00e8re fois le 15 Avril \u00e0 09:45u.\u00a0\u00bb css=\u00a0\u00bb\u00a0\u00bb][pricing_table style=\u00a0\u00bbdefault\u00a0\u00bb][pricing_column color=\u00a0\u00bbAccent-Color\u00a0\u00bb title=\u00a0\u00bb24Ct\u00a0\u00bb id=\u00a0\u00bb1776239186725-8&Prime; tab_id=\u00a0\u00bb1776239186725-10&Prime; price=\u00a0\u00bb128,70&Prime; currency_symbol=\u00a0\u00bb\u20ac\u00a0\u00bb interval=\u00a0\u00bbpar gramme\u00a0\u00bb][\/pricing_column][pricing_column color=\u00a0\u00bbAccent-Color\u00a0\u00bb title=\u00a0\u00bb22Ct\u00a0\u00bb id=\u00a0\u00bb1776239186736-0&Prime; tab_id=\u00a0\u00bb1776239186737-3&Prime; price=\u00a0\u00bb108,60&Prime; currency_symbol=\u00a0\u00bb\u20ac\u00a0\u00bb interval=\u00a0\u00bbpar gramme\u00a0\u00bb][\/pricing_column][pricing_column color=\u00a0\u00bbAccent-Color\u00a0\u00bb title=\u00a0\u00bb21,6Ct\u00a0\u00bb id=\u00a0\u00bb1776239186740-9&Prime; tab_id=\u00a0\u00bb1776239186740-6&Prime; price=\u00a0\u00bb106,05&Prime; currency_symbol=\u00a0\u00bb\u20ac\u00a0\u00bb interval=\u00a0\u00bbpar gramme\u00a0\u00bb][\/pricing_column][pricing_column color=\u00a0\u00bbAccent-Color\u00a0\u00bb title=\u00a0\u00bb20Ct\u00a0\u00bb id=\u00a0\u00bb1776239186746-1&Prime; tab_id=\u00a0\u00bb1776239186746-0&Prime; price=\u00a0\u00bb97,40&Prime; currency_symbol=\u00a0\u00bb\u20ac\u00a0\u00bb interval=\u00a0\u00bbpar gramme\u00a0\u00bb][\/pricing_column][\/pricing_table][pricing_table style=\u00a0\u00bbdefault\u00a0\u00bb][pricing_column color=\u00a0\u00bbAccent-Color\u00a0\u00bb title=\u00a0\u00bb18Ct\u00a0\u00bb id=\u00a0\u00bb1776239186756-3&Prime; tab_id=\u00a0\u00bb1776239186756-5&Prime; price=\u00a0\u00bb91,13&Prime; currency_symbol=\u00a0\u00bb\u20ac\u00a0\u00bb interval=\u00a0\u00bbpar gramme\u00a0\u00bb][\/pricing_column][pricing_column color=\u00a0\u00bbAccent-Color\u00a0\u00bb title=\u00a0\u00bb14Ct\u00a0\u00bb id=\u00a0\u00bb1776239186763-10&Prime; tab_id=\u00a0\u00bb1776239186763-10&Prime; price=\u00a0\u00bb66,89&Prime; currency_symbol=\u00a0\u00bb\u20ac\u00a0\u00bb interval=\u00a0\u00bbpar gramme\u00a0\u00bb][\/pricing_column][pricing_column color=\u00a0\u00bbAccent-Color\u00a0\u00bb title=\u00a0\u00bb9Ct\u00a0\u00bb id=\u00a0\u00bb1776239186769-8&Prime; tab_id=\u00a0\u00bb1776239186769-1&Prime; price=\u00a0\u00bb38,73&Prime; currency_symbol=\u00a0\u00bb\u20ac\u00a0\u00bb interval=\u00a0\u00bbpar gramme\u00a0\u00bb][\/pricing_column][pricing_column color=\u00a0\u00bbAccent-Color\u00a0\u00bb title=\u00a0\u00bb8Ct\u00a0\u00bb id=\u00a0\u00bb1776239186775-2&Prime; tab_id=\u00a0\u00bb1776239186775-0&Prime; price=\u00a0\u00bb29,60&Prime; currency_symbol=\u00a0\u00bb\u20ac\u00a0\u00bb interval=\u00a0\u00bbpar gramme\u00a0\u00bb][\/pricing_column][\/pricing_table][\/vc_column][\/vc_row][vc_row type=\u00a0\u00bbin_container\u00a0\u00bb full_screen_row_position=\u00a0\u00bbmiddle\u00a0\u00bb column_margin=\u00a0\u00bbdefault\u00a0\u00bb column_direction=\u00a0\u00bbdefault\u00a0\u00bb column_direction_tablet=\u00a0\u00bbdefault\u00a0\u00bb column_direction_phone=\u00a0\u00bbdefault\u00a0\u00bb scene_position=\u00a0\u00bbcenter\u00a0\u00bb text_color=\u00a0\u00bbdark\u00a0\u00bb text_align=\u00a0\u00bbleft\u00a0\u00bb row_border_radius=\u00a0\u00bbnone\u00a0\u00bb row_border_radius_applies=\u00a0\u00bbbg\u00a0\u00bb row_position_desktop=\u00a0\u00bbdefault\u00a0\u00bb row_position_tablet=\u00a0\u00bbinherit\u00a0\u00bb row_position_phone=\u00a0\u00bbinherit\u00a0\u00bb overflow=\u00a0\u00bbvisible\u00a0\u00bb overlay_strength=\u00a0\u00bb0.3&Prime; gradient_direction=\u00a0\u00bbleft_to_right\u00a0\u00bb shape_divider_position=\u00a0\u00bbbottom\u00a0\u00bb bg_image_animation=\u00a0\u00bbnone\u00a0\u00bb][vc_column column_padding=\u00a0\u00bbno-extra-padding\u00a0\u00bb column_padding_tablet=\u00a0\u00bbinherit\u00a0\u00bb column_padding_phone=\u00a0\u00bbinherit\u00a0\u00bb column_padding_position=\u00a0\u00bball\u00a0\u00bb flex_gap_desktop=\u00a0\u00bb10px\u00a0\u00bb column_element_direction_desktop=\u00a0\u00bbdefault\u00a0\u00bb column_element_spacing=\u00a0\u00bbdefault\u00a0\u00bb desktop_text_alignment=\u00a0\u00bbdefault\u00a0\u00bb tablet_text_alignment=\u00a0\u00bbdefault\u00a0\u00bb phone_text_alignment=\u00a0\u00bbdefault\u00a0\u00bb background_color_opacity=\u00a0\u00bb1&Prime; background_hover_color_opacity=\u00a0\u00bb1&Prime; column_backdrop_filter=\u00a0\u00bbnone\u00a0\u00bb column_shadow=\u00a0\u00bbnone\u00a0\u00bb column_border_radius=\u00a0\u00bbnone\u00a0\u00bb column_link_target=\u00a0\u00bb_self\u00a0\u00bb column_position=\u00a0\u00bbdefault\u00a0\u00bb gradient_direction=\u00a0\u00bbleft_to_right\u00a0\u00bb overlay_strength=\u00a0\u00bb0.3&Prime; width=\u00a0\u00bb1\/1&Prime; tablet_width_inherit=\u00a0\u00bbdefault\u00a0\u00bb animation_type=\u00a0\u00bbdefault\u00a0\u00bb bg_image_animation=\u00a0\u00bbnone\u00a0\u00bb border_type=\u00a0\u00bbsimple\u00a0\u00bb column_border_width=\u00a0\u00bbnone\u00a0\u00bb column_border_style=\u00a0\u00bbsolid\u00a0\u00bb][\/vc_column][\/vc_row][vc_row type=\u00a0\u00bbin_container\u00a0\u00bb full_screen_row_position=\u00a0\u00bbmiddle\u00a0\u00bb column_margin=\u00a0\u00bbdefault\u00a0\u00bb column_direction=\u00a0\u00bbdefault\u00a0\u00bb column_direction_tablet=\u00a0\u00bbdefault\u00a0\u00bb column_direction_phone=\u00a0\u00bbdefault\u00a0\u00bb scene_position=\u00a0\u00bbcenter\u00a0\u00bb text_color=\u00a0\u00bbdark\u00a0\u00bb text_align=\u00a0\u00bbleft\u00a0\u00bb row_border_radius=\u00a0\u00bbnone\u00a0\u00bb row_border_radius_applies=\u00a0\u00bbbg\u00a0\u00bb row_position_desktop=\u00a0\u00bbdefault\u00a0\u00bb row_position_tablet=\u00a0\u00bbinherit\u00a0\u00bb row_position_phone=\u00a0\u00bbinherit\u00a0\u00bb overflow=\u00a0\u00bbvisible\u00a0\u00bb overlay_strength=\u00a0\u00bb0.3&Prime; gradient_direction=\u00a0\u00bbleft_to_right\u00a0\u00bb shape_divider_position=\u00a0\u00bbbottom\u00a0\u00bb bg_image_animation=\u00a0\u00bbnone\u00a0\u00bb][vc_column column_padding=\u00a0\u00bbno-extra-padding\u00a0\u00bb column_padding_tablet=\u00a0\u00bbinherit\u00a0\u00bb column_padding_phone=\u00a0\u00bbinherit\u00a0\u00bb column_padding_position=\u00a0\u00bball\u00a0\u00bb flex_gap_desktop=\u00a0\u00bb10px\u00a0\u00bb column_element_direction_desktop=\u00a0\u00bbdefault\u00a0\u00bb column_element_spacing=\u00a0\u00bbdefault\u00a0\u00bb desktop_text_alignment=\u00a0\u00bbdefault\u00a0\u00bb tablet_text_alignment=\u00a0\u00bbdefault\u00a0\u00bb phone_text_alignment=\u00a0\u00bbdefault\u00a0\u00bb background_color_opacity=\u00a0\u00bb1&Prime; background_hover_color_opacity=\u00a0\u00bb1&Prime; column_backdrop_filter=\u00a0\u00bbnone\u00a0\u00bb column_shadow=\u00a0\u00bbnone\u00a0\u00bb column_border_radius=\u00a0\u00bbnone\u00a0\u00bb column_link_target=\u00a0\u00bb_self\u00a0\u00bb column_position=\u00a0\u00bbdefault\u00a0\u00bb gradient_direction=\u00a0\u00bbleft_to_right\u00a0\u00bb overlay_strength=\u00a0\u00bb0.3&Prime; width=\u00a0\u00bb1\/1&Prime; tablet_width_inherit=\u00a0\u00bbdefault\u00a0\u00bb animation_type=\u00a0\u00bbdefault\u00a0\u00bb bg_image_animation=\u00a0\u00bbnone\u00a0\u00bb border_type=\u00a0\u00bbsimple\u00a0\u00bb column_border_width=\u00a0\u00bbnone\u00a0\u00bb column_border_style=\u00a0\u00bbsolid\u00a0\u00bb][vc_column_text][\/vc_column_text][\/vc_column][\/vc_row]\n","protected":false},"excerpt":{"rendered":"<p>[vc_row type=\u00a0\u00bbin_container\u00a0\u00bb full_screen_row_position=\u00a0\u00bbmiddle\u00a0\u00bb column_margin=\u00a0\u00bbdefault\u00a0\u00bb column_direction=\u00a0\u00bbdefault\u00a0\u00bb column_direction_tablet=\u00a0\u00bbdefault\u00a0\u00bb column_direction_phone=\u00a0\u00bbdefault\u00a0\u00bb scene_position=\u00a0\u00bbcenter\u00a0\u00bb text_color=\u00a0\u00bbdark\u00a0\u00bb text_align=\u00a0\u00bbleft\u00a0\u00bb row_border_radius=\u00a0\u00bbnone\u00a0\u00bb row_border_radius_applies=\u00a0\u00bbbg\u00a0\u00bb row_position_desktop=\u00a0\u00bbdefault\u00a0\u00bb row_position_tablet=\u00a0\u00bbinherit\u00a0\u00bb row_position_phone=\u00a0\u00bbinherit\u00a0\u00bb overflow=\u00a0\u00bbvisible\u00a0\u00bb overlay_strength=\u00a0\u00bb0.3&Prime; gradient_direction=\u00a0\u00bbleft_to_right\u00a0\u00bb shape_divider_position=\u00a0\u00bbbottom\u00a0\u00bb bg_image_animation=\u00a0\u00bbnone\u00a0\u00bb][vc_column column_padding=\u00a0\u00bbno-extra-padding\u00a0\u00bb column_padding_tablet=\u00a0\u00bbinherit\u00a0\u00bb column_padding_phone=\u00a0\u00bbinherit\u00a0\u00bb column_padding_position=\u00a0\u00bball\u00a0\u00bb flex_gap_desktop=\u00a0\u00bb10px\u00a0\u00bb column_element_direction_desktop=\u00a0\u00bbdefault\u00a0\u00bb column_element_spacing=\u00a0\u00bbdefault\u00a0\u00bb desktop_text_alignment=\u00a0\u00bbdefault\u00a0\u00bb tablet_text_alignment=\u00a0\u00bbdefault\u00a0\u00bb phone_text_alignment=\u00a0\u00bbdefault\u00a0\u00bb&#8230;<\/p>\n","protected":false},"author":7,"featured_media":0,"parent":0,"menu_order":0,"comment_status":"closed","ping_status":"closed","template":"","meta":{"_monsterinsights_skip_tracking":false,"_monsterinsights_sitenote_active":false,"_monsterinsights_sitenote_note":"","_monsterinsights_sitenote_category":0,"footnotes":""},"class_list":["post-7","page","type-page","status-publish"],"yoast_head":"<!-- This site is optimized with the Yoast SEO plugin v27.3 - https:\/\/yoast.com\/product\/yoast-seo-wordpress\/ -->\n<title>Oud Goud | Kopen &amp; Verkopen | Goudbank Limburg<\/title>\n<meta name=\"description\" content=\"Wij kopen oud goud, juwelen in oud goud, nieuwe juwelen in goud, gouden munten, uurwerken in goud, tandengoud, medaillons in goud, etc. aan.\" \/>\n<meta name=\"robots\" content=\"index, follow, max-snippet:-1, max-image-preview:large, max-video-preview:-1\" \/>\n<link rel=\"canonical\" href=\"https:\/\/goudbanklimburg.be\/fr\/oud-goud\/\" \/>\n<meta property=\"og:locale\" content=\"fr_FR\" \/>\n<meta property=\"og:locale:alternate\" content=\"nl\" \/>\n<meta property=\"og:type\" content=\"article\" \/>\n<meta property=\"og:title\" content=\"Oud Goud | Kopen &amp; Verkopen | Goudbank Limburg\" \/>\n<meta property=\"og:description\" content=\"Wij kopen oud goud, juwelen in oud goud, nieuwe juwelen in goud, gouden munten, uurwerken in goud, tandengoud, medaillons in goud, etc. aan.\" \/>\n<meta property=\"og:url\" content=\"https:\/\/goudbanklimburg.be\/fr\/oud-goud\/\" \/>\n<meta property=\"og:site_name\" content=\"Goudbank Limburg\" \/>\n<meta property=\"article:publisher\" content=\"https:\/\/www.facebook.com\/Goudbank-Limburg-486883841492072\/\" \/>\n<meta property=\"article:modified_time\" content=\"2026-04-15T07:48:12+00:00\" \/>\n<meta name=\"twitter:card\" content=\"summary_large_image\" \/>\n<meta name=\"twitter:label1\" content=\"Dur\u00e9e de lecture estim\u00e9e\" \/>\n\t<meta name=\"twitter:data1\" content=\"1 minute\" \/>\n<script type=\"application\/ld+json\" class=\"yoast-schema-graph\">{\"@context\":\"https:\\\/\\\/schema.org\",\"@graph\":[{\"@type\":\"WebPage\",\"@id\":\"https:\\\/\\\/goudbanklimburg.be\\\/fr\\\/oud-goud\\\/\",\"url\":\"https:\\\/\\\/goudbanklimburg.be\\\/fr\\\/oud-goud\\\/\",\"name\":\"Oud Goud | Kopen & Verkopen | Goudbank Limburg\",\"isPartOf\":{\"@id\":\"https:\\\/\\\/goudbanklimburg.be\\\/nl\\\/#website\"},\"datePublished\":\"2015-09-09T11:42:30+00:00\",\"dateModified\":\"2026-04-15T07:48:12+00:00\",\"description\":\"Wij kopen oud goud, juwelen in oud goud, nieuwe juwelen in goud, gouden munten, uurwerken in goud, tandengoud, medaillons in goud, etc. aan.\",\"breadcrumb\":{\"@id\":\"https:\\\/\\\/goudbanklimburg.be\\\/fr\\\/oud-goud\\\/#breadcrumb\"},\"inLanguage\":\"fr\",\"potentialAction\":[{\"@type\":\"ReadAction\",\"target\":[\"https:\\\/\\\/goudbanklimburg.be\\\/fr\\\/oud-goud\\\/\"]}]},{\"@type\":\"BreadcrumbList\",\"@id\":\"https:\\\/\\\/goudbanklimburg.be\\\/fr\\\/oud-goud\\\/#breadcrumb\",\"itemListElement\":[{\"@type\":\"ListItem\",\"position\":1,\"name\":\"Home\",\"item\":\"https:\\\/\\\/goudbanklimburg.be\\\/fr\\\/\"},{\"@type\":\"ListItem\",\"position\":2,\"name\":\"Vieil or\"}]},{\"@type\":\"WebSite\",\"@id\":\"https:\\\/\\\/goudbanklimburg.be\\\/nl\\\/#website\",\"url\":\"https:\\\/\\\/goudbanklimburg.be\\\/nl\\\/\",\"name\":\"Goudbank Limburg\",\"description\":\"Oud Goud - Goudbaren & Munten - Oud Zilver\",\"potentialAction\":[{\"@type\":\"SearchAction\",\"target\":{\"@type\":\"EntryPoint\",\"urlTemplate\":\"https:\\\/\\\/goudbanklimburg.be\\\/nl\\\/?s={search_term_string}\"},\"query-input\":{\"@type\":\"PropertyValueSpecification\",\"valueRequired\":true,\"valueName\":\"search_term_string\"}}],\"inLanguage\":\"fr\"}]}<\/script>\n<!-- \/ Yoast SEO plugin. -->","yoast_head_json":{"title":"Oud Goud | Kopen & Verkopen | Goudbank Limburg","description":"Wij kopen oud goud, juwelen in oud goud, nieuwe juwelen in goud, gouden munten, uurwerken in goud, tandengoud, medaillons in goud, etc. aan.","robots":{"index":"index","follow":"follow","max-snippet":"max-snippet:-1","max-image-preview":"max-image-preview:large","max-video-preview":"max-video-preview:-1"},"canonical":"https:\/\/goudbanklimburg.be\/fr\/oud-goud\/","og_locale":"fr_FR","og_type":"article","og_title":"[:nl]Oud Goud | Kopen & Verkopen | Goudbank Limburg[:]","og_description":"[:nl]Wij kopen oud goud, juwelen in oud goud, nieuwe juwelen in goud, gouden munten, uurwerken in goud, tandengoud, medaillons in goud, etc. aan.[:]","og_url":"https:\/\/goudbanklimburg.be\/fr\/oud-goud\/","og_site_name":"Goudbank Limburg","article_publisher":"https:\/\/www.facebook.com\/Goudbank-Limburg-486883841492072\/","article_modified_time":"2026-04-15T07:48:12+00:00","twitter_card":"summary_large_image","twitter_misc":{"Dur\u00e9e de lecture estim\u00e9e":"1 minute"},"schema":{"@context":"https:\/\/schema.org","@graph":[{"@type":"WebPage","@id":"https:\/\/goudbanklimburg.be\/fr\/oud-goud\/","url":"https:\/\/goudbanklimburg.be\/fr\/oud-goud\/","name":"Oud Goud | Kopen & Verkopen | Goudbank Limburg","isPartOf":{"@id":"https:\/\/goudbanklimburg.be\/nl\/#website"},"datePublished":"2015-09-09T11:42:30+00:00","dateModified":"2026-04-15T07:48:12+00:00","description":"Wij kopen oud goud, juwelen in oud goud, nieuwe juwelen in goud, gouden munten, uurwerken in goud, tandengoud, medaillons in goud, etc. aan.","breadcrumb":{"@id":"https:\/\/goudbanklimburg.be\/fr\/oud-goud\/#breadcrumb"},"inLanguage":"fr","potentialAction":[{"@type":"ReadAction","target":["https:\/\/goudbanklimburg.be\/fr\/oud-goud\/"]}]},{"@type":"BreadcrumbList","@id":"https:\/\/goudbanklimburg.be\/fr\/oud-goud\/#breadcrumb","itemListElement":[{"@type":"ListItem","position":1,"name":"Home","item":"https:\/\/goudbanklimburg.be\/fr\/"},{"@type":"ListItem","position":2,"name":"Vieil or"}]},{"@type":"WebSite","@id":"https:\/\/goudbanklimburg.be\/nl\/#website","url":"https:\/\/goudbanklimburg.be\/nl\/","name":"Goudbank Limburg","description":"Oud Goud - Goudbaren & Munten - Oud Zilver","potentialAction":[{"@type":"SearchAction","target":{"@type":"EntryPoint","urlTemplate":"https:\/\/goudbanklimburg.be\/nl\/?s={search_term_string}"},"query-input":{"@type":"PropertyValueSpecification","valueRequired":true,"valueName":"search_term_string"}}],"inLanguage":"fr"}]}},"_links":{"self":[{"href":"https:\/\/goudbanklimburg.be\/fr\/wp-json\/wp\/v2\/pages\/7","targetHints":{"allow":["GET"]}}],"collection":[{"href":"https:\/\/goudbanklimburg.be\/fr\/wp-json\/wp\/v2\/pages"}],"about":[{"href":"https:\/\/goudbanklimburg.be\/fr\/wp-json\/wp\/v2\/types\/page"}],"author":[{"embeddable":true,"href":"https:\/\/goudbanklimburg.be\/fr\/wp-json\/wp\/v2\/users\/7"}],"replies":[{"embeddable":true,"href":"https:\/\/goudbanklimburg.be\/fr\/wp-json\/wp\/v2\/comments?post=7"}],"version-history":[{"count":3,"href":"https:\/\/goudbanklimburg.be\/fr\/wp-json\/wp\/v2\/pages\/7\/revisions"}],"predecessor-version":[{"id":16000,"href":"https:\/\/goudbanklimburg.be\/fr\/wp-json\/wp\/v2\/pages\/7\/revisions\/16000"}],"wp:attachment":[{"href":"https:\/\/goudbanklimburg.be\/fr\/wp-json\/wp\/v2\/media?parent=7"}],"curies":[{"name":"wp","href":"https:\/\/api.w.org\/{rel}","templated":true}]}}