{"id":9,"date":"2015-09-09T12:42:37","date_gmt":"2015-09-09T11:42:37","guid":{"rendered":"http:\/\/goudbanklimburg.be\/?page_id=9"},"modified":"2026-05-11T14:24:25","modified_gmt":"2026-05-11T13:24:25","slug":"oud-zilver","status":"publish","type":"page","link":"https:\/\/goudbanklimburg.be\/fr\/oud-zilver\/","title":{"rendered":"Vieil argent"},"content":{"rendered":"[vc_row type=\u00a0\u00bbin_container\u00a0\u00bb full_screen_row_position=\u00a0\u00bbmiddle\u00a0\u00bb column_margin=\u00a0\u00bbdefault\u00a0\u00bb column_direction=\u00a0\u00bbdefault\u00a0\u00bb column_direction_tablet=\u00a0\u00bbdefault\u00a0\u00bb column_direction_phone=\u00a0\u00bbdefault\u00a0\u00bb scene_position=\u00a0\u00bbcenter\u00a0\u00bb text_color=\u00a0\u00bbdark\u00a0\u00bb text_align=\u00a0\u00bbleft\u00a0\u00bb row_border_radius=\u00a0\u00bbnone\u00a0\u00bb row_border_radius_applies=\u00a0\u00bbbg\u00a0\u00bb row_position_desktop=\u00a0\u00bbdefault\u00a0\u00bb row_position_tablet=\u00a0\u00bbinherit\u00a0\u00bb row_position_phone=\u00a0\u00bbinherit\u00a0\u00bb overflow=\u00a0\u00bbvisible\u00a0\u00bb overlay_strength=\u00a0\u00bb0.3&Prime; gradient_direction=\u00a0\u00bbleft_to_right\u00a0\u00bb shape_divider_position=\u00a0\u00bbbottom\u00a0\u00bb bg_image_animation=\u00a0\u00bbnone\u00a0\u00bb][vc_column column_padding=\u00a0\u00bbno-extra-padding\u00a0\u00bb column_padding_tablet=\u00a0\u00bbinherit\u00a0\u00bb column_padding_phone=\u00a0\u00bbinherit\u00a0\u00bb column_padding_position=\u00a0\u00bball\u00a0\u00bb flex_gap_desktop=\u00a0\u00bb10px\u00a0\u00bb column_element_direction_desktop=\u00a0\u00bbdefault\u00a0\u00bb column_element_spacing=\u00a0\u00bbdefault\u00a0\u00bb desktop_text_alignment=\u00a0\u00bbdefault\u00a0\u00bb tablet_text_alignment=\u00a0\u00bbdefault\u00a0\u00bb phone_text_alignment=\u00a0\u00bbdefault\u00a0\u00bb background_color_opacity=\u00a0\u00bb1&Prime; background_hover_color_opacity=\u00a0\u00bb1&Prime; column_backdrop_filter=\u00a0\u00bbnone\u00a0\u00bb column_shadow=\u00a0\u00bbnone\u00a0\u00bb column_border_radius=\u00a0\u00bbnone\u00a0\u00bb column_link_target=\u00a0\u00bb_self\u00a0\u00bb column_position=\u00a0\u00bbdefault\u00a0\u00bb gradient_direction=\u00a0\u00bbleft_to_right\u00a0\u00bb overlay_strength=\u00a0\u00bb0.3&Prime; width=\u00a0\u00bb1\/1&Prime; tablet_width_inherit=\u00a0\u00bbdefault\u00a0\u00bb animation_type=\u00a0\u00bbdefault\u00a0\u00bb bg_image_animation=\u00a0\u00bbnone\u00a0\u00bb border_type=\u00a0\u00bbsimple\u00a0\u00bb column_border_width=\u00a0\u00bbnone\u00a0\u00bb column_border_style=\u00a0\u00bbsolid\u00a0\u00bb][heading]\n<h2 style=\"text-align: center;\"><strong>Nous achetons votre vieil argent<\/strong><\/h2>\n<h2 style=\"text-align: center;\"><\/h2>\n[\/heading][vc_column_text css=\u00a0\u00bb\u00a0\u00bb text_direction=\u00a0\u00bbdefault\u00a0\u00bb]\n<p style=\"margin-bottom: 40px;\">Nous achetons votre vieil argent, vos pi\u00e8ces en argent, bijoux en argent, couverts en argent, montres en argent, chandeliers en argent et autre vieil argent. Les cours affich\u00e9s sur nos tableaux ne sont que les cotations du moment. Vous aurez le prix d\u00e9finitif du gramme d\u2019argent, une fois chez nous \u00e0 notre bureau.<br \/>\n<a href=\"https:\/\/goudbanklimburg.be\/fr\/contact\/\">N\u2019h\u00e9sitez pas \u00e0 nous contacter<\/a> pour conna\u00eetre les cours d\u2019achat ou de vente. \u00cates-vous un professionnel ? Nous vous offrons alors d\u2019autres tarifs pour votre vieil argent.<br \/>\nNous achetons aussi des articles argent\u00e9s et en \u00e9tain comme couverts, plats, assiettes, soupi\u00e8res, gobelets, pots \u00e0 caf\u00e9, images, etc\u2026<\/p>\n<p>Samedi&rsquo;s ferm\u00e9e<\/p>\n<pre id=\"tw-target-text\" class=\"tw-data-text tw-text-large tw-ta\" dir=\"ltr\" tabindex=\"-1\" role=\"text\" data-placeholder=\"Vertaling\" data-ved=\"2ahUKEwjW2tT82qqQAxWh0AIHHVPkDrkQ3ewLegQIDBAW\" aria-label=\"Vertaalde tekst: SAMEDI 17 OCTOBRE FERM\u00c9 EN RAISON D'UNE TROP FORTE VOLATILIT\u00c9.\"><\/pre>\n[\/vc_column_text][vc_text_separator title=\u00a0\u00bbLes tarifs ci-dessous ont \u00e9t\u00e9 modifi\u00e9s pour la derni\u00e8re fois le 11 Mai \u00e0 15:20 h.\u00a0\u00bb css=\u00a0\u00bb\u00a0\u00bb][pricing_table style=\u00a0\u00bbdefault\u00a0\u00bb][pricing_column color=\u00a0\u00bbAccent-Color\u00a0\u00bb title=\u00a0\u00bbAcidit\u00e9 999&Prime; id=\u00a0\u00bb1778505788715-7&Prime; tab_id=\u00a0\u00bb1778505788715-1&Prime; price=\u00a0\u00bb2,04&Prime; currency_symbol=\u00a0\u00bb\u20ac\u00a0\u00bb interval=\u00a0\u00bbpar gramme\u00a0\u00bb][\/pricing_column][pricing_column color=\u00a0\u00bbAccent-Color\u00a0\u00bb title=\u00a0\u00bbAcidit\u00e9 950&Prime; id=\u00a0\u00bb1778505788724-6&Prime; tab_id=\u00a0\u00bb1778505788725-4&Prime; price=\u00a0\u00bb1,50&Prime; currency_symbol=\u00a0\u00bb\u20ac\u00a0\u00bb interval=\u00a0\u00bbpar gramme\u00a0\u00bb][\/pricing_column][pricing_column color=\u00a0\u00bbAccent-Color\u00a0\u00bb title=\u00a0\u00bbAcidit\u00e9 925&Prime; id=\u00a0\u00bb1778505788731-9&Prime; tab_id=\u00a0\u00bb1778505788731-3&Prime; price=\u00a0\u00bb1,44&Prime; currency_symbol=\u00a0\u00bb\u20ac\u00a0\u00bb interval=\u00a0\u00bbpar gramme\u00a0\u00bb][\/pricing_column][pricing_column color=\u00a0\u00bbAccent-Color\u00a0\u00bb title=\u00a0\u00bbAcidit\u00e9 900&Prime; id=\u00a0\u00bb1778505788737-9&Prime; tab_id=\u00a0\u00bb1778505788737-4&Prime; price=\u00a0\u00bb1,38&Prime; currency_symbol=\u00a0\u00bb\u20ac\u00a0\u00bb interval=\u00a0\u00bbpar gramme\u00a0\u00bb][\/pricing_column][\/pricing_table][pricing_table style=\u00a0\u00bbdefault\u00a0\u00bb][pricing_column color=\u00a0\u00bbAccent-Color\u00a0\u00bb title=\u00a0\u00bbAcidit\u00e9 835&Prime; id=\u00a0\u00bb1778505788743-5&Prime; tab_id=\u00a0\u00bb1778505788743-3&Prime; price=\u00a0\u00bb1,26&Prime; currency_symbol=\u00a0\u00bb\u20ac\u00a0\u00bb interval=\u00a0\u00bbpar gramme\u00a0\u00bb][\/pricing_column][pricing_column color=\u00a0\u00bbAccent-Color\u00a0\u00bb title=\u00a0\u00bbAcidit\u00e9 800&Prime; id=\u00a0\u00bb1778505788749-8&Prime; tab_id=\u00a0\u00bb1778505788750-8&Prime; price=\u00a0\u00bb1,19&Prime; currency_symbol=\u00a0\u00bb\u20ac\u00a0\u00bb interval=\u00a0\u00bbpar gramme\u00a0\u00bb][\/pricing_column][pricing_column color=\u00a0\u00bbAccent-Color\u00a0\u00bb title=\u00a0\u00bbAcidit\u00e9 720&Prime; id=\u00a0\u00bb1778505788752-0&Prime; tab_id=\u00a0\u00bb1778505788752-2&Prime; price=\u00a0\u00bb1,04&Prime; currency_symbol=\u00a0\u00bb\u20ac\u00a0\u00bb interval=\u00a0\u00bbpar gramme\u00a0\u00bb][\/pricing_column][pricing_column color=\u00a0\u00bbAccent-Color\u00a0\u00bb title=\u00a0\u00bbAcidit\u00e9 680&Prime; id=\u00a0\u00bb1778505788755-4&Prime; tab_id=\u00a0\u00bb1778505788755-2&Prime; price=\u00a0\u00bb0,95&Prime; currency_symbol=\u00a0\u00bb\u20ac\u00a0\u00bb interval=\u00a0\u00bbpar gramme\u00a0\u00bb][\/pricing_column][\/pricing_table][\/vc_column][\/vc_row][vc_row type=\u00a0\u00bbin_container\u00a0\u00bb full_screen_row_position=\u00a0\u00bbmiddle\u00a0\u00bb column_margin=\u00a0\u00bbdefault\u00a0\u00bb column_direction=\u00a0\u00bbdefault\u00a0\u00bb column_direction_tablet=\u00a0\u00bbdefault\u00a0\u00bb column_direction_phone=\u00a0\u00bbdefault\u00a0\u00bb scene_position=\u00a0\u00bbcenter\u00a0\u00bb text_color=\u00a0\u00bbdark\u00a0\u00bb text_align=\u00a0\u00bbleft\u00a0\u00bb row_border_radius=\u00a0\u00bbnone\u00a0\u00bb row_border_radius_applies=\u00a0\u00bbbg\u00a0\u00bb row_position_desktop=\u00a0\u00bbdefault\u00a0\u00bb row_position_tablet=\u00a0\u00bbinherit\u00a0\u00bb row_position_phone=\u00a0\u00bbinherit\u00a0\u00bb overflow=\u00a0\u00bbvisible\u00a0\u00bb overlay_strength=\u00a0\u00bb0.3&Prime; gradient_direction=\u00a0\u00bbleft_to_right\u00a0\u00bb shape_divider_position=\u00a0\u00bbbottom\u00a0\u00bb bg_image_animation=\u00a0\u00bbnone\u00a0\u00bb][vc_column column_padding=\u00a0\u00bbno-extra-padding\u00a0\u00bb column_padding_tablet=\u00a0\u00bbinherit\u00a0\u00bb column_padding_phone=\u00a0\u00bbinherit\u00a0\u00bb column_padding_position=\u00a0\u00bball\u00a0\u00bb flex_gap_desktop=\u00a0\u00bb10px\u00a0\u00bb column_element_direction_desktop=\u00a0\u00bbdefault\u00a0\u00bb column_element_spacing=\u00a0\u00bbdefault\u00a0\u00bb desktop_text_alignment=\u00a0\u00bbdefault\u00a0\u00bb tablet_text_alignment=\u00a0\u00bbdefault\u00a0\u00bb phone_text_alignment=\u00a0\u00bbdefault\u00a0\u00bb background_color_opacity=\u00a0\u00bb1&Prime; background_hover_color_opacity=\u00a0\u00bb1&Prime; column_backdrop_filter=\u00a0\u00bbnone\u00a0\u00bb column_shadow=\u00a0\u00bbnone\u00a0\u00bb column_border_radius=\u00a0\u00bbnone\u00a0\u00bb column_link_target=\u00a0\u00bb_self\u00a0\u00bb column_position=\u00a0\u00bbdefault\u00a0\u00bb gradient_direction=\u00a0\u00bbleft_to_right\u00a0\u00bb overlay_strength=\u00a0\u00bb0.3&Prime; width=\u00a0\u00bb1\/1&Prime; tablet_width_inherit=\u00a0\u00bbdefault\u00a0\u00bb animation_type=\u00a0\u00bbdefault\u00a0\u00bb bg_image_animation=\u00a0\u00bbnone\u00a0\u00bb border_type=\u00a0\u00bbsimple\u00a0\u00bb column_border_width=\u00a0\u00bbnone\u00a0\u00bb column_border_style=\u00a0\u00bbsolid\u00a0\u00bb][vc_column_text css=\u00a0\u00bb\u00a0\u00bb text_direction=\u00a0\u00bbdefault\u00a0\u00bb][\/vc_column_text][\/vc_column][\/vc_row][vc_row type=\u00a0\u00bbin_container\u00a0\u00bb full_screen_row_position=\u00a0\u00bbmiddle\u00a0\u00bb column_margin=\u00a0\u00bbdefault\u00a0\u00bb column_direction=\u00a0\u00bbdefault\u00a0\u00bb column_direction_tablet=\u00a0\u00bbdefault\u00a0\u00bb column_direction_phone=\u00a0\u00bbdefault\u00a0\u00bb scene_position=\u00a0\u00bbcenter\u00a0\u00bb text_color=\u00a0\u00bbdark\u00a0\u00bb text_align=\u00a0\u00bbleft\u00a0\u00bb row_border_radius=\u00a0\u00bbnone\u00a0\u00bb row_border_radius_applies=\u00a0\u00bbbg\u00a0\u00bb row_position_desktop=\u00a0\u00bbdefault\u00a0\u00bb row_position_tablet=\u00a0\u00bbinherit\u00a0\u00bb row_position_phone=\u00a0\u00bbinherit\u00a0\u00bb overflow=\u00a0\u00bbvisible\u00a0\u00bb overlay_strength=\u00a0\u00bb0.3&Prime; gradient_direction=\u00a0\u00bbleft_to_right\u00a0\u00bb shape_divider_position=\u00a0\u00bbbottom\u00a0\u00bb bg_image_animation=\u00a0\u00bbnone\u00a0\u00bb][vc_column column_padding=\u00a0\u00bbno-extra-padding\u00a0\u00bb column_padding_tablet=\u00a0\u00bbinherit\u00a0\u00bb column_padding_phone=\u00a0\u00bbinherit\u00a0\u00bb column_padding_position=\u00a0\u00bball\u00a0\u00bb flex_gap_desktop=\u00a0\u00bb10px\u00a0\u00bb column_element_direction_desktop=\u00a0\u00bbdefault\u00a0\u00bb column_element_spacing=\u00a0\u00bbdefault\u00a0\u00bb desktop_text_alignment=\u00a0\u00bbdefault\u00a0\u00bb tablet_text_alignment=\u00a0\u00bbdefault\u00a0\u00bb phone_text_alignment=\u00a0\u00bbdefault\u00a0\u00bb background_color_opacity=\u00a0\u00bb1&Prime; background_hover_color_opacity=\u00a0\u00bb1&Prime; column_backdrop_filter=\u00a0\u00bbnone\u00a0\u00bb column_shadow=\u00a0\u00bbnone\u00a0\u00bb column_border_radius=\u00a0\u00bbnone\u00a0\u00bb column_link_target=\u00a0\u00bb_self\u00a0\u00bb column_position=\u00a0\u00bbdefault\u00a0\u00bb gradient_direction=\u00a0\u00bbleft_to_right\u00a0\u00bb overlay_strength=\u00a0\u00bb0.3&Prime; width=\u00a0\u00bb1\/1&Prime; tablet_width_inherit=\u00a0\u00bbdefault\u00a0\u00bb animation_type=\u00a0\u00bbdefault\u00a0\u00bb bg_image_animation=\u00a0\u00bbnone\u00a0\u00bb border_type=\u00a0\u00bbsimple\u00a0\u00bb column_border_width=\u00a0\u00bbnone\u00a0\u00bb column_border_style=\u00a0\u00bbsolid\u00a0\u00bb][vc_column_text][\/vc_column_text][\/vc_column][\/vc_row]\n","protected":false},"excerpt":{"rendered":"<p>[vc_row type=\u00a0\u00bbin_container\u00a0\u00bb full_screen_row_position=\u00a0\u00bbmiddle\u00a0\u00bb column_margin=\u00a0\u00bbdefault\u00a0\u00bb column_direction=\u00a0\u00bbdefault\u00a0\u00bb column_direction_tablet=\u00a0\u00bbdefault\u00a0\u00bb column_direction_phone=\u00a0\u00bbdefault\u00a0\u00bb scene_position=\u00a0\u00bbcenter\u00a0\u00bb text_color=\u00a0\u00bbdark\u00a0\u00bb text_align=\u00a0\u00bbleft\u00a0\u00bb row_border_radius=\u00a0\u00bbnone\u00a0\u00bb row_border_radius_applies=\u00a0\u00bbbg\u00a0\u00bb row_position_desktop=\u00a0\u00bbdefault\u00a0\u00bb row_position_tablet=\u00a0\u00bbinherit\u00a0\u00bb row_position_phone=\u00a0\u00bbinherit\u00a0\u00bb overflow=\u00a0\u00bbvisible\u00a0\u00bb overlay_strength=\u00a0\u00bb0.3&Prime; gradient_direction=\u00a0\u00bbleft_to_right\u00a0\u00bb shape_divider_position=\u00a0\u00bbbottom\u00a0\u00bb bg_image_animation=\u00a0\u00bbnone\u00a0\u00bb][vc_column column_padding=\u00a0\u00bbno-extra-padding\u00a0\u00bb column_padding_tablet=\u00a0\u00bbinherit\u00a0\u00bb column_padding_phone=\u00a0\u00bbinherit\u00a0\u00bb column_padding_position=\u00a0\u00bball\u00a0\u00bb flex_gap_desktop=\u00a0\u00bb10px\u00a0\u00bb column_element_direction_desktop=\u00a0\u00bbdefault\u00a0\u00bb column_element_spacing=\u00a0\u00bbdefault\u00a0\u00bb desktop_text_alignment=\u00a0\u00bbdefault\u00a0\u00bb tablet_text_alignment=\u00a0\u00bbdefault\u00a0\u00bb phone_text_alignment=\u00a0\u00bbdefault\u00a0\u00bb&#8230;<\/p>\n","protected":false},"author":7,"featured_media":0,"parent":0,"menu_order":0,"comment_status":"closed","ping_status":"closed","template":"","meta":{"_monsterinsights_skip_tracking":false,"_monsterinsights_sitenote_active":false,"_monsterinsights_sitenote_note":"","_monsterinsights_sitenote_category":0,"footnotes":""},"class_list":["post-9","page","type-page","status-publish"],"yoast_head":"<!-- This site is optimized with the Yoast SEO plugin v27.3 - https:\/\/yoast.com\/product\/yoast-seo-wordpress\/ -->\n<title>Oud Zilver | Kopen &amp; Verkopen | Goudbank Limburg<\/title>\n<meta name=\"description\" content=\"Wij kopen zilveren baren, munten in zilver, zilveren juwelen, bestek in zilver, zilveren uurwerken, kandelaars in zilver en ander zilverwerk.\" \/>\n<meta name=\"robots\" content=\"index, follow, max-snippet:-1, max-image-preview:large, max-video-preview:-1\" \/>\n<link rel=\"canonical\" href=\"https:\/\/goudbanklimburg.be\/fr\/oud-zilver\/\" \/>\n<meta property=\"og:locale\" content=\"fr_FR\" \/>\n<meta property=\"og:locale:alternate\" content=\"nl\" \/>\n<meta property=\"og:type\" content=\"article\" \/>\n<meta property=\"og:title\" content=\"Oud Zilver | Kopen &amp; Verkopen | Goudbank Limburg\" \/>\n<meta property=\"og:description\" content=\"Wij kopen zilveren baren, munten in zilver, zilveren juwelen, bestek in zilver, zilveren uurwerken, kandelaars in zilver en ander zilverwerk.\" \/>\n<meta property=\"og:url\" content=\"https:\/\/goudbanklimburg.be\/fr\/oud-zilver\/\" \/>\n<meta property=\"og:site_name\" content=\"Goudbank Limburg\" \/>\n<meta property=\"article:publisher\" content=\"https:\/\/www.facebook.com\/Goudbank-Limburg-486883841492072\/\" \/>\n<meta property=\"article:modified_time\" content=\"2026-05-11T13:24:25+00:00\" \/>\n<meta name=\"twitter:card\" content=\"summary_large_image\" \/>\n<meta name=\"twitter:label1\" content=\"Dur\u00e9e de lecture estim\u00e9e\" \/>\n\t<meta name=\"twitter:data1\" content=\"1 minute\" \/>\n<script type=\"application\/ld+json\" class=\"yoast-schema-graph\">{\"@context\":\"https:\\\/\\\/schema.org\",\"@graph\":[{\"@type\":\"WebPage\",\"@id\":\"https:\\\/\\\/goudbanklimburg.be\\\/fr\\\/oud-zilver\\\/\",\"url\":\"https:\\\/\\\/goudbanklimburg.be\\\/fr\\\/oud-zilver\\\/\",\"name\":\"Oud Zilver | Kopen & Verkopen | Goudbank Limburg\",\"isPartOf\":{\"@id\":\"https:\\\/\\\/goudbanklimburg.be\\\/nl\\\/#website\"},\"datePublished\":\"2015-09-09T11:42:37+00:00\",\"dateModified\":\"2026-05-11T13:24:25+00:00\",\"description\":\"Wij kopen zilveren baren, munten in zilver, zilveren juwelen, bestek in zilver, zilveren uurwerken, kandelaars in zilver en ander zilverwerk.\",\"breadcrumb\":{\"@id\":\"https:\\\/\\\/goudbanklimburg.be\\\/fr\\\/oud-zilver\\\/#breadcrumb\"},\"inLanguage\":\"fr\",\"potentialAction\":[{\"@type\":\"ReadAction\",\"target\":[\"https:\\\/\\\/goudbanklimburg.be\\\/fr\\\/oud-zilver\\\/\"]}]},{\"@type\":\"BreadcrumbList\",\"@id\":\"https:\\\/\\\/goudbanklimburg.be\\\/fr\\\/oud-zilver\\\/#breadcrumb\",\"itemListElement\":[{\"@type\":\"ListItem\",\"position\":1,\"name\":\"Home\",\"item\":\"https:\\\/\\\/goudbanklimburg.be\\\/fr\\\/\"},{\"@type\":\"ListItem\",\"position\":2,\"name\":\"Vieil argent\"}]},{\"@type\":\"WebSite\",\"@id\":\"https:\\\/\\\/goudbanklimburg.be\\\/nl\\\/#website\",\"url\":\"https:\\\/\\\/goudbanklimburg.be\\\/nl\\\/\",\"name\":\"Goudbank Limburg\",\"description\":\"Oud Goud - Goudbaren & Munten - Oud Zilver\",\"potentialAction\":[{\"@type\":\"SearchAction\",\"target\":{\"@type\":\"EntryPoint\",\"urlTemplate\":\"https:\\\/\\\/goudbanklimburg.be\\\/nl\\\/?s={search_term_string}\"},\"query-input\":{\"@type\":\"PropertyValueSpecification\",\"valueRequired\":true,\"valueName\":\"search_term_string\"}}],\"inLanguage\":\"fr\"}]}<\/script>\n<!-- \/ Yoast SEO plugin. -->","yoast_head_json":{"title":"Oud Zilver | Kopen & Verkopen | Goudbank Limburg","description":"Wij kopen zilveren baren, munten in zilver, zilveren juwelen, bestek in zilver, zilveren uurwerken, kandelaars in zilver en ander zilverwerk.","robots":{"index":"index","follow":"follow","max-snippet":"max-snippet:-1","max-image-preview":"max-image-preview:large","max-video-preview":"max-video-preview:-1"},"canonical":"https:\/\/goudbanklimburg.be\/fr\/oud-zilver\/","og_locale":"fr_FR","og_type":"article","og_title":"[:nl]Oud Zilver | Kopen & Verkopen | Goudbank Limburg[:]","og_description":"[:nl]Wij kopen zilveren baren, munten in zilver, zilveren juwelen, bestek in zilver, zilveren uurwerken, kandelaars in zilver en ander zilverwerk.[:]","og_url":"https:\/\/goudbanklimburg.be\/fr\/oud-zilver\/","og_site_name":"Goudbank Limburg","article_publisher":"https:\/\/www.facebook.com\/Goudbank-Limburg-486883841492072\/","article_modified_time":"2026-05-11T13:24:25+00:00","twitter_card":"summary_large_image","twitter_misc":{"Dur\u00e9e de lecture estim\u00e9e":"1 minute"},"schema":{"@context":"https:\/\/schema.org","@graph":[{"@type":"WebPage","@id":"https:\/\/goudbanklimburg.be\/fr\/oud-zilver\/","url":"https:\/\/goudbanklimburg.be\/fr\/oud-zilver\/","name":"Oud Zilver | Kopen & Verkopen | Goudbank Limburg","isPartOf":{"@id":"https:\/\/goudbanklimburg.be\/nl\/#website"},"datePublished":"2015-09-09T11:42:37+00:00","dateModified":"2026-05-11T13:24:25+00:00","description":"Wij kopen zilveren baren, munten in zilver, zilveren juwelen, bestek in zilver, zilveren uurwerken, kandelaars in zilver en ander zilverwerk.","breadcrumb":{"@id":"https:\/\/goudbanklimburg.be\/fr\/oud-zilver\/#breadcrumb"},"inLanguage":"fr","potentialAction":[{"@type":"ReadAction","target":["https:\/\/goudbanklimburg.be\/fr\/oud-zilver\/"]}]},{"@type":"BreadcrumbList","@id":"https:\/\/goudbanklimburg.be\/fr\/oud-zilver\/#breadcrumb","itemListElement":[{"@type":"ListItem","position":1,"name":"Home","item":"https:\/\/goudbanklimburg.be\/fr\/"},{"@type":"ListItem","position":2,"name":"Vieil argent"}]},{"@type":"WebSite","@id":"https:\/\/goudbanklimburg.be\/nl\/#website","url":"https:\/\/goudbanklimburg.be\/nl\/","name":"Goudbank Limburg","description":"Oud Goud - Goudbaren & Munten - Oud Zilver","potentialAction":[{"@type":"SearchAction","target":{"@type":"EntryPoint","urlTemplate":"https:\/\/goudbanklimburg.be\/nl\/?s={search_term_string}"},"query-input":{"@type":"PropertyValueSpecification","valueRequired":true,"valueName":"search_term_string"}}],"inLanguage":"fr"}]}},"_links":{"self":[{"href":"https:\/\/goudbanklimburg.be\/fr\/wp-json\/wp\/v2\/pages\/9","targetHints":{"allow":["GET"]}}],"collection":[{"href":"https:\/\/goudbanklimburg.be\/fr\/wp-json\/wp\/v2\/pages"}],"about":[{"href":"https:\/\/goudbanklimburg.be\/fr\/wp-json\/wp\/v2\/types\/page"}],"author":[{"embeddable":true,"href":"https:\/\/goudbanklimburg.be\/fr\/wp-json\/wp\/v2\/users\/7"}],"replies":[{"embeddable":true,"href":"https:\/\/goudbanklimburg.be\/fr\/wp-json\/wp\/v2\/comments?post=9"}],"version-history":[{"count":3,"href":"https:\/\/goudbanklimburg.be\/fr\/wp-json\/wp\/v2\/pages\/9\/revisions"}],"predecessor-version":[{"id":16076,"href":"https:\/\/goudbanklimburg.be\/fr\/wp-json\/wp\/v2\/pages\/9\/revisions\/16076"}],"wp:attachment":[{"href":"https:\/\/goudbanklimburg.be\/fr\/wp-json\/wp\/v2\/media?parent=9"}],"curies":[{"name":"wp","href":"https:\/\/api.w.org\/{rel}","templated":true}]}}